{"id":6690,"date":"2022-06-07T16:27:31","date_gmt":"2022-06-07T14:27:31","guid":{"rendered":"https:\/\/www.backaloge.se\/wedding-party\/"},"modified":"2023-02-01T14:16:57","modified_gmt":"2023-02-01T13:16:57","slug":"wedding-party","status":"publish","type":"page","link":"https:\/\/www.backaloge.se\/en\/wedding-party\/","title":{"rendered":"Wedding \/ Party"},"content":{"rendered":"<section class=\"l-section wpb_row height_auto\"><div class=\"l-section-h i-cf\"><div class=\"g-cols vc_row via_grid cols_1 laptops-cols_inherit tablets-cols_inherit mobiles-cols_1 valign_top type_default stacking_default\"><div class=\"wpb_column vc_column_container\"><div class=\"vc_column-inner\"><div class=\"wpb_text_column\"><div class=\"wpb_wrapper\"><h2>Wedding<\/h2>\n<p>Dream wedding &#8211; the way you want it! In other words, design your day exactly as you want and have always imagined.<\/p>\n<p>How nice that you are thinking of getting married here at Backa Loge! Or maybe book for a party! Here you can make sure you get your special day exactly as you want it. Above all, we are happy to help with the organization so that your wedding will be a day to remember.<\/p>\n<p>Backa Loge is located in a beautiful rural setting in the Fegen Nature Reserve approx. 109 km from Gothenburg. Therefore, you can now enjoy the wedding breakfast\/brunch in our rustically beautiful lodge. With charming details and a fantastic atmosphere. The lodge is suitable for up to approx. 90 seated guests and at the front of the lodge is our cosy caf\u00e9 section.<\/p>\n<p>We are happy to help with tips on logistics and are happy to recommend our favourite suppliers for your big day! Our wedding planner can also create complete packages that include everything you need for your wedding day.<\/p>\n<p>Do you want to come and visit Backa Loge party premises? No problem, but please note that during Backa Loge&#8217;s summer cafe opening hours we are usually very busy and we ask for your patience or plan your visit to \u00a0avoid these busy \u00a0times.<\/p>\n<h4><strong>Available dates<\/strong><\/h4>\n<p>We rent out for parties\/weddings mainly during high season, May to September. Contact us to find a date that suits you. For example, the caf\u00e9 part can be heated and it is perfect for a cozy autumn or early spring party.<\/p>\n<p>The entire Backa Loge area with parking subscribed for weddings in 2023:<\/p>\n<ul>\n<li>on 17 June 2023;<\/li>\n<li>on 8 July 2023;<\/li>\n<li>on\u00a0 16 September 2023.<\/li>\n<\/ul>\n<\/div><\/div><div class=\"w-separator size_small\"><\/div><div class=\"w-image align_none\"><div class=\"w-image-h\"><img loading=\"lazy\" decoding=\"async\" width=\"1280\" height=\"768\" src=\"https:\/\/www.backaloge.se\/wp-content\/uploads\/2022\/06\/IMG_7441-2000x1200-1-1333x800.jpg\" class=\"attachment-large size-large\" alt=\"Ladan p\u00e5 Backa Loge dekorerad f\u00f6r br\u00f6llop, med extra tyggardiner och st\u00e4mningsfull extra belysning, skapar en elegant och festlig atmosf\u00e4r f\u00f6r br\u00f6llopsfirandet\" srcset=\"https:\/\/www.backaloge.se\/wp-content\/uploads\/2022\/06\/IMG_7441-2000x1200-1-1333x800.jpg 1333w, https:\/\/www.backaloge.se\/wp-content\/uploads\/2022\/06\/IMG_7441-2000x1200-1-667x400.jpg 667w, https:\/\/www.backaloge.se\/wp-content\/uploads\/2022\/06\/IMG_7441-2000x1200-1.jpg 2000w\" sizes=\"(max-width: 1280px) 100vw, 1280px\" \/><\/div><\/div><div class=\"w-separator size_large\"><\/div><\/div><\/div><\/div><\/div><\/section><section class=\"l-section wpb_row height_auto\"><div class=\"l-section-h i-cf\"><div class=\"g-cols vc_row via_grid cols_1 laptops-cols_inherit tablets-cols_inherit mobiles-cols_1 valign_top type_default stacking_default\"><div class=\"wpb_column vc_column_container\"><div class=\"vc_column-inner\"><div class=\"wpb_text_column\"><div class=\"wpb_wrapper\"><h3>What do our customers say?<\/h3>\n<\/div><\/div><div class=\"w-grid type_carousel layout_259 cols_2\" id=\"us_grid_1\"><style>#us_grid_1 .w-grid-item{padding:1.5rem}#us_grid_1 .w-grid-list{margin:-1.5rem}.w-grid + #us_grid_1 .w-grid-list,.w-grid-none + #us_grid_1 .w-grid-list{margin-top:1.5rem}.layout_259 .w-grid-item-h{}.layout_259 .usg_vwrapper_1{padding:10%!important;background:var(--color-content-bg-alt)!important}<\/style><div class=\"w-grid-list owl-carousel navstyle_circle navpos_outside\" style=\"--arrows-size:1.8rem;\">\t<article class=\"w-grid-item post-6937 us_testimonial type-us_testimonial status-publish hentry us_testimonial_category-brollop-en-2\" data-id=\"6937\">\r\n\t\t<div class=\"w-grid-item-h\">\r\n\t\t\t\t\t\t<div class=\"w-vwrapper usg_vwrapper_1 grid-block-quote align_none valign_top\" style=\"--vwrapper-gap:0.5rem\"><div class=\"w-hwrapper usg_hwrapper_1 align_none valign_middle\" style=\"--hwrapper-gap:1.20rem\"><h6 class=\"w-post-elm post_title usg_post_title_1 entry-title color_link_inherit\">Morgan Johansson<\/h6><\/div><div class=\"w-post-elm post_content usg_post_content_1\">My sister had the world&#8217;s best wedding reception there. The staff was fantastically nice and the place wonderful.<\/div><\/div>\t\t<\/div>\r\n\t<\/article>\r\n\t<article class=\"w-grid-item post-6934 us_testimonial type-us_testimonial status-publish hentry us_testimonial_category-brollop-en-2\" data-id=\"6934\">\r\n\t\t<div class=\"w-grid-item-h\">\r\n\t\t\t\t\t\t<div class=\"w-vwrapper usg_vwrapper_1 grid-block-quote align_none valign_top\" style=\"--vwrapper-gap:0.5rem\"><div class=\"w-hwrapper usg_hwrapper_1 align_none valign_middle\" style=\"--hwrapper-gap:1.20rem\"><h6 class=\"w-post-elm post_title usg_post_title_1 entry-title color_link_inherit\">Melody Jacob<\/h6><\/div><div class=\"w-post-elm post_content usg_post_content_1\">Many thanks for yesterday best of you! We are so incredibly happy with everything!<\/div><\/div>\t\t<\/div>\r\n\t<\/article>\r\n\t<article class=\"w-grid-item post-6933 us_testimonial type-us_testimonial status-publish hentry us_testimonial_category-brollop-en-2\" data-id=\"6933\">\r\n\t\t<div class=\"w-grid-item-h\">\r\n\t\t\t\t\t\t<div class=\"w-vwrapper usg_vwrapper_1 grid-block-quote align_none valign_top\" style=\"--vwrapper-gap:0.5rem\"><div class=\"w-hwrapper usg_hwrapper_1 align_none valign_middle\" style=\"--hwrapper-gap:1.20rem\"><h6 class=\"w-post-elm post_title usg_post_title_1 entry-title color_link_inherit\">Hanna Haraldsson<\/h6><\/div><div class=\"w-post-elm post_content usg_post_content_1\">Many thanks to you, Gunta. Fantastic staff and family for the opportunity and help! Everything turned out as perfect and dreamy as we wanted!<\/div><\/div>\t\t<\/div>\r\n\t<\/article>\r\n<\/div><div class=\"g-preloader type_1\">\r\n\t<div><\/div>\r\n<\/div>\r\n\t<div class=\"w-grid-json hidden\" onclick='return {&quot;action&quot;:&quot;us_ajax_grid&quot;,&quot;ajax_url&quot;:&quot;https:\\\/\\\/www.backaloge.se\\\/wp-admin\\\/admin-ajax.php&quot;,&quot;infinite_scroll&quot;:0,&quot;max_num_pages&quot;:1,&quot;pagination&quot;:&quot;none&quot;,&quot;permalink_url&quot;:&quot;https:\\\/\\\/www.backaloge.se\\\/en\\\/wp-json\\\/wp\\\/v2\\\/pages\\\/6690\\\/&quot;,&quot;template_vars&quot;:{&quot;columns&quot;:&quot;2&quot;,&quot;exclude_items&quot;:&quot;none&quot;,&quot;img_size&quot;:&quot;default&quot;,&quot;ignore_items_size&quot;:false,&quot;items_layout&quot;:&quot;259&quot;,&quot;items_offset&quot;:&quot;1&quot;,&quot;load_animation&quot;:&quot;none&quot;,&quot;overriding_link&quot;:&quot;none&quot;,&quot;post_id&quot;:6690,&quot;query_args&quot;:{&quot;post_type&quot;:[&quot;us_testimonial&quot;],&quot;tax_query&quot;:[{&quot;taxonomy&quot;:&quot;us_testimonial_category&quot;,&quot;field&quot;:&quot;slug&quot;,&quot;terms&quot;:[&quot;brollop&quot;]}],&quot;post_status&quot;:[&quot;publish&quot;,&quot;acf-disabled&quot;],&quot;posts_per_page&quot;:&quot;10&quot;},&quot;orderby_query_args&quot;:{&quot;orderby&quot;:{&quot;date&quot;:&quot;DESC&quot;}},&quot;type&quot;:&quot;carousel&quot;,&quot;us_grid_ajax_index&quot;:1,&quot;us_grid_filter_params&quot;:null,&quot;us_grid_index&quot;:1,&quot;_us_grid_post_type&quot;:&quot;us_testimonial&quot;,&quot;lang&quot;:&quot;en&quot;},&quot;carousel_settings&quot;:{&quot;autoHeight&quot;:0,&quot;autoplay&quot;:0,&quot;carousel_fade&quot;:0,&quot;center&quot;:0,&quot;dots&quot;:0,&quot;items&quot;:&quot;2&quot;,&quot;loop&quot;:false,&quot;nav&quot;:1,&quot;slideby&quot;:&quot;1&quot;,&quot;smooth_play&quot;:0,&quot;speed&quot;:250,&quot;timeout&quot;:3000,&quot;transition&quot;:&quot;&quot;},&quot;carousel_breakpoints&quot;:{&quot;0&quot;:{&quot;autoHeight&quot;:0,&quot;autoplay&quot;:1,&quot;autoplayHoverPause&quot;:1,&quot;items&quot;:1,&quot;loop&quot;:true,&quot;stagePadding&quot;:0},&quot;600&quot;:{&quot;autoHeight&quot;:0,&quot;autoplay&quot;:1,&quot;autoplayHoverPause&quot;:1,&quot;items&quot;:2,&quot;loop&quot;:false,&quot;stagePadding&quot;:0},&quot;900&quot;:{&quot;autoHeight&quot;:0,&quot;autoplay&quot;:1,&quot;autoplayHoverPause&quot;:1,&quot;items&quot;:&quot;2&quot;,&quot;loop&quot;:false,&quot;stagePadding&quot;:0},&quot;1200&quot;:{&quot;items&quot;:2,&quot;stagePadding&quot;:0}}}'><\/div>\r\n\t<\/div><div class=\"w-separator size_small\"><\/div><\/div><\/div><\/div><\/div><\/section><section class=\"l-section wpb_row height_small\"><div class=\"l-section-h i-cf\"><div class=\"g-cols vc_row via_grid cols_2 laptops-cols_inherit tablets-cols_inherit mobiles-cols_1 valign_top type_default stacking_default\"><div class=\"wpb_column vc_column_container\"><div class=\"vc_column-inner\"><div class=\"w-image align_none\"><div class=\"w-image-h\"><img loading=\"lazy\" decoding=\"async\" width=\"1199\" height=\"800\" src=\"https:\/\/www.backaloge.se\/wp-content\/uploads\/2022\/06\/Backa-Loge-Brollop-Portfolio-065-1199x800.jpg\" class=\"attachment-large size-large\" alt=\"Br\u00f6llop i logen\" srcset=\"https:\/\/www.backaloge.se\/wp-content\/uploads\/2022\/06\/Backa-Loge-Brollop-Portfolio-065-1199x800.jpg 1199w, https:\/\/www.backaloge.se\/wp-content\/uploads\/2022\/06\/Backa-Loge-Brollop-Portfolio-065-599x400.jpg 599w, https:\/\/www.backaloge.se\/wp-content\/uploads\/2022\/06\/Backa-Loge-Brollop-Portfolio-065.jpg 1618w\" sizes=\"(max-width: 1199px) 100vw, 1199px\" \/><\/div><\/div><\/div><\/div><div class=\"wpb_column vc_column_container\"><div class=\"vc_column-inner\"><div class=\"w-image align_none\"><div class=\"w-image-h\"><img loading=\"lazy\" decoding=\"async\" width=\"900\" height=\"613\" src=\"https:\/\/www.backaloge.se\/wp-content\/uploads\/2022\/10\/blogg_007.jpg\" class=\"attachment-large size-large\" alt=\"\u00c5terbruk oh \u00e5tervinning\" srcset=\"https:\/\/www.backaloge.se\/wp-content\/uploads\/2022\/10\/blogg_007.jpg 900w, https:\/\/www.backaloge.se\/wp-content\/uploads\/2022\/10\/blogg_007-587x400.jpg 587w\" sizes=\"(max-width: 900px) 100vw, 900px\" \/><\/div><\/div><\/div><\/div><\/div><\/div><\/section><section class=\"l-section wpb_row height_small\"><div class=\"l-section-h i-cf\"><div class=\"g-cols vc_row via_grid cols_1 laptops-cols_inherit tablets-cols_inherit mobiles-cols_1 valign_top type_default stacking_default\"><div class=\"wpb_column vc_column_container\"><div class=\"vc_column-inner\"><div class=\"wpb_text_column\"><div class=\"wpb_wrapper\"><h2>Sustainable and eco-friendly wedding\/party<\/h2>\n<\/div><\/div><div class=\"w-separator size_small\"><\/div><div class=\"wpb_text_column with_collapsible_content\" data-content-height=\"200px\"><div class=\"wpb_wrapper\"><h4><strong>Wedding<\/strong><\/h4>\n<p>It is fine to have your wedding\u00a0 ceremony\/ community or civil marriage with us.\u00a0 Our beautiful nature is the perfect backdrop for a beautiful outdoors wedding with a nice view of Lake Fegen. Or if it rains you have your ceremony in the lodge or at one of the nearby churches:<\/p>\n<ul>\n<li>Kalv&#8217;s church in Kalv, V\u00e4sterg\u00f6tland county (7.1 km from Backa Loge);<\/li>\n<li>Fegen chapel in Fegen, Halland county (16 km from Backa Loge);<\/li>\n<li>Sandvik&#8217;s church in Burseryd, J\u00f6nk\u00f6ping County (31 km from Backa Loge).<\/li>\n<\/ul>\n<p>The wedding time is booked by you directly with the church.<\/p>\n<h4><strong>Premises<\/strong><\/h4>\n<p>At Backa Loge you can rent our premises. This includes the lodge or\/and the caf\u00e9 part. You can also use the balcony and garden, as well as the barbecue hut. Contact us for photos so you can see what they look like. For example, if you rent the entire Backa Loge with holiday home, you and your friends are the only guests.<\/p>\n<h4><strong>Music and dancing<\/strong><\/h4>\n<p>You arrange live music or a music system yourself, in any case dancing is allowed at Backa Loge.<\/p>\n<h4><strong>Overnight stay<\/strong><\/h4>\n<p>At Backa Loge there are a total of 19 beds distributed as follows:<\/p>\n<ul>\n<li>Holiday house 7 guest rooms \u2013 13 beds + 4 extra beds.<\/li>\n<li>Wedding suite with private sauna of 50 m2 &#8211; 2 beds.<\/li>\n<\/ul>\n<h4><strong>Capacity<\/strong><\/h4>\n<p>The cafe premises have capacity for:<\/p>\n<ul>\n<li>Guests mingling: 100<\/li>\n<li>Guests seated: 70<\/li>\n<\/ul>\n<p>The lodge has capacity for:<\/p>\n<ul>\n<li>Guests mingling: 150<\/li>\n<li>Guests seated: 90<\/li>\n<\/ul>\n<h4><strong>Staff<\/strong><\/h4>\n<p>First of all, we have a permanent serving team that you cannot opt \u200b\u200bout of. Serving costs vary slightly depending on the number of guests, choice of menu and how long the party lasts. Service SEK 400\/h. Where applicable, the minimum is 4 hours. We have a butler on staff and a one-hour meeting with planning and follow-up is also included. We recommend 1 serving staff per 30 guests for buffet service, for seated dinners with table service we recommend 1 serving staff per 15 guests.<\/p>\n<h5><strong>Exception!\u00a0\u00a0\u00a0\u00a0\u00a0\u00a0\u00a0\u00a0\u00a0\u00a0<\/strong><\/h5>\n<p>If the day\/times do not suit me\/are not open for our team, If the day\/times do not suit for our team then you have the extra option to choose your own staff. In that case, it must be agreed between us. Then we only rent premises to you. The kitchen must be cleaned after the party, that is the catering company&#8217;s mission.<\/p>\n<h4><strong>The kitchen<\/strong><\/h4>\n<p>Backa Loge has a small cooking kitchen. Above all, you can use the kitchen for heating or cooking. Any rental of an oven, grill, hotplates, extra fridge or freezer may be added.<\/p>\n<h4><strong>Food and drinks<\/strong><\/h4>\n<p>If you want an alcohol-free wedding\/party, we will be happy to help you with the food. Prices upon request.<\/p>\n<p>You order food via catering or cook yourself at home. In the same way, you can bring your own drinks (alcohol and non-alcoholic) to Backa Loge.<\/p>\n<h4><strong>Glass and porcelain<\/strong><\/h4>\n<p>Porcelain and glasses are included in the rent when you book for parties and weddings. There are: water glasses, wine glasses and champagne glasses. In addition, there are plates for main courses, soups, starters and desserts as well as coffee cups and all cutlery.<\/p>\n<h4><strong>Table setting<\/strong><\/h4>\n<p>During the rental period, you arrange the setting yourself or order from us\/catering.<\/p>\n<h4><strong>Tablecloths and decorations<\/strong><\/h4>\n<p>Gray tablecloths, white chair covers or white plaids are available for rent. When you rent our facilities, you can arrange any table decorations yourself or order from us.<\/p>\n<h4><strong>Size of the tables<\/strong><\/h4>\n<table>\n<tbody>\n<tr>\n<th style=\"text-align: left;\">In the lodge<\/th>\n<td>wooden table (?? tables)<\/td>\n<\/tr>\n<tr>\n<th style=\"text-align: left;\">In the lodge<\/th>\n<td>wooden table (?? tables)<\/td>\n<\/tr>\n<tr>\n<th style=\"text-align: left;\">In the lodge<\/th>\n<td>wooden table (2 tables) 200 * 43 cm<\/td>\n<\/tr>\n<tr>\n<th style=\"text-align: left;\">In the cafe<\/th>\n<td>wooden dining table (12 tables) 180 * 78 cm<\/td>\n<\/tr>\n<tr>\n<th style=\"text-align: left;\">In the cafe<\/th>\n<td>round wooden table (1 table) d = 111 cm<\/td>\n<\/tr>\n<tr>\n<th style=\"text-align: left;\">On the terrace<\/th>\n<td>wooden dining table \u00a0(4 tables) 150 * 71 cm<\/td>\n<\/tr>\n<tr>\n<th style=\"text-align: left;\">On the terrace<\/th>\n<td>wooden dining table (4 tables) 70 * 70 cm<\/td>\n<\/tr>\n<\/tbody>\n<\/table>\n<h4><strong>Safety and fire<\/strong><\/h4>\n<p>In order to fireproof our fine 17th-century wooden lodge, you may only use battery-powered candles. Because of this, no candles, sparklers or ice torches are allowed in the lodge. Candles are permitted in the caf\u00e9.<\/p>\n<h5><strong>RULES<\/strong><\/h5>\n<ul>\n<li>Due to the sustainability of the environment, you may not use paper or plastic confetti outdoors or indoors at Backa Loge, only things that can break down, such as bird seeds, rose petals.<\/li>\n<li>Apart from that, all furniture must be in its original position in the holiday home, the lodge and the caf\u00e9.<\/li>\n<li>Remove any &#8220;rubbish&#8221;\/materials you bring to your party (not food waste).<\/li>\n<li>In addition, bring your own projector, monitor and computer if your guests want to show pictures and film clips.<\/li>\n<\/ul>\n<h4><strong>Smoking<\/strong><\/h4>\n<p>Smoking is not permitted indoors or on the balcony. Backa Loge is a smoke-free environment. There are ashtrays for smokers, ask in advance if you need them.<\/p>\n<h4><strong>Times<\/strong><\/h4>\n<p>We do not have a start-end time for parties in the lodge, but it must be agreed between us. Remember that you need at least two hours for preparations before the festivities can start. Likewise, don&#8217;t forget to check with the catering company how long they need for preparation.<\/p>\n<\/div><div class=\"toggle-links align_none\"><a href=\"javascript:void(0)\" class=\"collapsible-content-more\">Read more<\/a><a href=\"javascript:void(0)\" class=\"collapsible-content-less\">Show less<\/a><\/div><\/div><\/div><\/div><\/div><\/div><\/section>\n","protected":false},"excerpt":{"rendered":"Many thanks to you, Gunta. Fantastic staff and family for the opportunity and help! Everything turned out as perfect and dreamy as we wanted!","protected":false},"author":1,"featured_media":5136,"parent":0,"menu_order":0,"comment_status":"closed","ping_status":"closed","template":"","meta":{"footnotes":""},"class_list":["post-6690","page","type-page","status-publish","has-post-thumbnail","hentry"],"yoast_head":"<!-- This site is optimized with the Yoast SEO plugin v23.5 - https:\/\/yoast.com\/wordpress\/plugins\/seo\/ -->\n<title>Wedding \/ Party - Backa Loge<\/title>\n<meta name=\"robots\" content=\"index, follow, max-snippet:-1, max-image-preview:large, max-video-preview:-1\" \/>\n<link rel=\"canonical\" href=\"https:\/\/www.backaloge.se\/en\/wedding-party\/\" \/>\n<meta property=\"og:locale\" content=\"en_US\" \/>\n<meta property=\"og:type\" content=\"article\" \/>\n<meta property=\"og:title\" content=\"Wedding \/ Party - Backa Loge\" \/>\n<meta property=\"og:url\" content=\"https:\/\/www.backaloge.se\/en\/wedding-party\/\" \/>\n<meta property=\"og:site_name\" content=\"Backa Loge\" \/>\n<meta property=\"article:modified_time\" content=\"2023-02-01T13:16:57+00:00\" \/>\n<meta property=\"og:image\" content=\"https:\/\/www.backaloge.se\/wp-content\/uploads\/2022\/06\/Backa-Loge-Brollop-Portfolio-001.jpg\" \/>\n\t<meta property=\"og:image:width\" content=\"1618\" \/>\n\t<meta property=\"og:image:height\" content=\"1080\" \/>\n\t<meta property=\"og:image:type\" content=\"image\/jpeg\" \/>\n<meta name=\"twitter:card\" content=\"summary_large_image\" \/>\n<meta name=\"twitter:label1\" content=\"Est. reading time\" \/>\n\t<meta name=\"twitter:data1\" content=\"6 minutes\" \/>\n<script type=\"application\/ld+json\" class=\"yoast-schema-graph\">{\"@context\":\"https:\/\/schema.org\",\"@graph\":[{\"@type\":\"WebPage\",\"@id\":\"https:\/\/www.backaloge.se\/en\/wedding-party\/\",\"url\":\"https:\/\/www.backaloge.se\/en\/wedding-party\/\",\"name\":\"Wedding \/ Party - Backa Loge\",\"isPartOf\":{\"@id\":\"https:\/\/www.backaloge.se\/#website\"},\"primaryImageOfPage\":{\"@id\":\"https:\/\/www.backaloge.se\/en\/wedding-party\/#primaryimage\"},\"image\":{\"@id\":\"https:\/\/www.backaloge.se\/en\/wedding-party\/#primaryimage\"},\"thumbnailUrl\":\"https:\/\/www.backaloge.se\/wp-content\/uploads\/2022\/06\/Backa-Loge-Brollop-Portfolio-001.jpg\",\"datePublished\":\"2022-06-07T14:27:31+00:00\",\"dateModified\":\"2023-02-01T13:16:57+00:00\",\"breadcrumb\":{\"@id\":\"https:\/\/www.backaloge.se\/en\/wedding-party\/#breadcrumb\"},\"inLanguage\":\"en-US\",\"potentialAction\":[{\"@type\":\"ReadAction\",\"target\":[\"https:\/\/www.backaloge.se\/en\/wedding-party\/\"]}]},{\"@type\":\"ImageObject\",\"inLanguage\":\"en-US\",\"@id\":\"https:\/\/www.backaloge.se\/en\/wedding-party\/#primaryimage\",\"url\":\"https:\/\/www.backaloge.se\/wp-content\/uploads\/2022\/06\/Backa-Loge-Brollop-Portfolio-001.jpg\",\"contentUrl\":\"https:\/\/www.backaloge.se\/wp-content\/uploads\/2022\/06\/Backa-Loge-Brollop-Portfolio-001.jpg\",\"width\":1618,\"height\":1080,\"caption\":\"Br\u00f6llop p\u00e5 Backa Loge \u00a9David Bergs\"},{\"@type\":\"BreadcrumbList\",\"@id\":\"https:\/\/www.backaloge.se\/en\/wedding-party\/#breadcrumb\",\"itemListElement\":[{\"@type\":\"ListItem\",\"position\":1,\"name\":\"Hem\",\"item\":\"https:\/\/www.backaloge.se\/en\/\"},{\"@type\":\"ListItem\",\"position\":2,\"name\":\"Wedding \/ Party\"}]},{\"@type\":\"WebSite\",\"@id\":\"https:\/\/www.backaloge.se\/#website\",\"url\":\"https:\/\/www.backaloge.se\/\",\"name\":\"Backa Loge\",\"description\":\"\u00c4nnu en WordPress-webbplats\",\"potentialAction\":[{\"@type\":\"SearchAction\",\"target\":{\"@type\":\"EntryPoint\",\"urlTemplate\":\"https:\/\/www.backaloge.se\/?s={search_term_string}\"},\"query-input\":{\"@type\":\"PropertyValueSpecification\",\"valueRequired\":true,\"valueName\":\"search_term_string\"}}],\"inLanguage\":\"en-US\"}]}<\/script>\n<!-- \/ Yoast SEO plugin. -->","yoast_head_json":{"title":"Wedding \/ Party - Backa Loge","robots":{"index":"index","follow":"follow","max-snippet":"max-snippet:-1","max-image-preview":"max-image-preview:large","max-video-preview":"max-video-preview:-1"},"canonical":"https:\/\/www.backaloge.se\/en\/wedding-party\/","og_locale":"en_US","og_type":"article","og_title":"Wedding \/ Party - Backa Loge","og_url":"https:\/\/www.backaloge.se\/en\/wedding-party\/","og_site_name":"Backa Loge","article_modified_time":"2023-02-01T13:16:57+00:00","og_image":[{"width":1618,"height":1080,"url":"https:\/\/www.backaloge.se\/wp-content\/uploads\/2022\/06\/Backa-Loge-Brollop-Portfolio-001.jpg","type":"image\/jpeg"}],"twitter_card":"summary_large_image","twitter_misc":{"Est. reading time":"6 minutes"},"schema":{"@context":"https:\/\/schema.org","@graph":[{"@type":"WebPage","@id":"https:\/\/www.backaloge.se\/en\/wedding-party\/","url":"https:\/\/www.backaloge.se\/en\/wedding-party\/","name":"Wedding \/ Party - Backa Loge","isPartOf":{"@id":"https:\/\/www.backaloge.se\/#website"},"primaryImageOfPage":{"@id":"https:\/\/www.backaloge.se\/en\/wedding-party\/#primaryimage"},"image":{"@id":"https:\/\/www.backaloge.se\/en\/wedding-party\/#primaryimage"},"thumbnailUrl":"https:\/\/www.backaloge.se\/wp-content\/uploads\/2022\/06\/Backa-Loge-Brollop-Portfolio-001.jpg","datePublished":"2022-06-07T14:27:31+00:00","dateModified":"2023-02-01T13:16:57+00:00","breadcrumb":{"@id":"https:\/\/www.backaloge.se\/en\/wedding-party\/#breadcrumb"},"inLanguage":"en-US","potentialAction":[{"@type":"ReadAction","target":["https:\/\/www.backaloge.se\/en\/wedding-party\/"]}]},{"@type":"ImageObject","inLanguage":"en-US","@id":"https:\/\/www.backaloge.se\/en\/wedding-party\/#primaryimage","url":"https:\/\/www.backaloge.se\/wp-content\/uploads\/2022\/06\/Backa-Loge-Brollop-Portfolio-001.jpg","contentUrl":"https:\/\/www.backaloge.se\/wp-content\/uploads\/2022\/06\/Backa-Loge-Brollop-Portfolio-001.jpg","width":1618,"height":1080,"caption":"Br\u00f6llop p\u00e5 Backa Loge \u00a9David Bergs"},{"@type":"BreadcrumbList","@id":"https:\/\/www.backaloge.se\/en\/wedding-party\/#breadcrumb","itemListElement":[{"@type":"ListItem","position":1,"name":"Hem","item":"https:\/\/www.backaloge.se\/en\/"},{"@type":"ListItem","position":2,"name":"Wedding \/ Party"}]},{"@type":"WebSite","@id":"https:\/\/www.backaloge.se\/#website","url":"https:\/\/www.backaloge.se\/","name":"Backa Loge","description":"\u00c4nnu en WordPress-webbplats","potentialAction":[{"@type":"SearchAction","target":{"@type":"EntryPoint","urlTemplate":"https:\/\/www.backaloge.se\/?s={search_term_string}"},"query-input":{"@type":"PropertyValueSpecification","valueRequired":true,"valueName":"search_term_string"}}],"inLanguage":"en-US"}]}},"acf":[],"_links":{"self":[{"href":"https:\/\/www.backaloge.se\/en\/wp-json\/wp\/v2\/pages\/6690"}],"collection":[{"href":"https:\/\/www.backaloge.se\/en\/wp-json\/wp\/v2\/pages"}],"about":[{"href":"https:\/\/www.backaloge.se\/en\/wp-json\/wp\/v2\/types\/page"}],"author":[{"embeddable":true,"href":"https:\/\/www.backaloge.se\/en\/wp-json\/wp\/v2\/users\/1"}],"replies":[{"embeddable":true,"href":"https:\/\/www.backaloge.se\/en\/wp-json\/wp\/v2\/comments?post=6690"}],"version-history":[{"count":9,"href":"https:\/\/www.backaloge.se\/en\/wp-json\/wp\/v2\/pages\/6690\/revisions"}],"predecessor-version":[{"id":7230,"href":"https:\/\/www.backaloge.se\/en\/wp-json\/wp\/v2\/pages\/6690\/revisions\/7230"}],"wp:featuredmedia":[{"embeddable":true,"href":"https:\/\/www.backaloge.se\/en\/wp-json\/wp\/v2\/media\/5136"}],"wp:attachment":[{"href":"https:\/\/www.backaloge.se\/en\/wp-json\/wp\/v2\/media?parent=6690"}],"curies":[{"name":"wp","href":"https:\/\/api.w.org\/{rel}","templated":true}]}}