{"id":6441,"date":"2022-06-09T15:11:44","date_gmt":"2022-06-09T13:11:44","guid":{"rendered":"https:\/\/www.backaloge.se\/?page_id=6441"},"modified":"2024-01-24T15:26:12","modified_gmt":"2024-01-24T14:26:12","slug":"cafe","status":"publish","type":"page","link":"https:\/\/www.backaloge.se\/en\/cafe\/","title":{"rendered":"Caf\u00e9"},"content":{"rendered":"<section class=\"l-section wpb_row height_auto\"><div class=\"l-section-h i-cf\"><div class=\"g-cols vc_row via_grid cols_1 laptops-cols_inherit tablets-cols_inherit mobiles-cols_1 valign_top type_default stacking_default\"><div class=\"wpb_column vc_column_container\"><div class=\"vc_column-inner\"><div class=\"wpb_text_column\"><div class=\"wpb_wrapper\"><h2>Summer Cafe<\/h2>\n<p>In summer, we have our restaurant Backa Loge open. Here we serve selected and quality meals from fresh locally produced, organic ingredients that we cook from scratch.<\/p>\n<p><strong>Until the summer of 2024, we only accept pre-bookings.<\/strong><\/p>\n<\/div><\/div><div class=\"w-separator size_small\"><\/div><div class=\"wpb_text_column\"><div class=\"wpb_wrapper\"><blockquote>\n<p>\u201cSituated between Kalv and Fegen, far from the major highways, at the end of a small winding gravel road, you will discover<\/p>\n<p>Backa Loge\u2019s summer caf\u00e9. Right next to the lake and Fegen beach, a real Swedish summer idyll, as hard to find as find as <span style=\"text-decoration: line-through;\">any<\/span> real hideaway space\/favourite spot\/gem should be. Next to the serving is the dance lodge. After the coffee and the waffle, you can wander around the beautiful surroundings and enjoy the silence. Or maybe sit by the lakeside and listen to the calm lapping of the waves. Backa Loge, a place for the soul. \u00a0I wonder if I&#8217;ve ever sat outside a cafe, where it was so quiet that I was annoyed by the ice cream fridge inside!!\u201d Ann-Louise Nyde<\/p>\n<\/blockquote>\n<\/div><\/div><div class=\"w-separator size_small\"><\/div><\/div><\/div><\/div><\/div><\/section><section class=\"l-section wpb_row height_auto\"><div class=\"l-section-h i-cf\"><div class=\"g-cols vc_row via_grid cols_2 laptops-cols_inherit tablets-cols_inherit mobiles-cols_1 valign_top type_default stacking_default\"><div class=\"wpb_column vc_column_container\"><div class=\"vc_column-inner\"><div class=\"wpb_text_column\"><div class=\"wpb_wrapper\"><h3>Opening hours<\/h3>\n<table>\n<tbody>\n<tr>\n<th>Monday<\/th>\n<td>\u00a0&#8211;<\/td>\n<\/tr>\n<tr>\n<th>Tuesday<\/th>\n<td>\u00a0&#8211;<\/td>\n<\/tr>\n<tr>\n<th>Wednesday<\/th>\n<td>\u00a0&#8211;<\/td>\n<\/tr>\n<tr>\n<th>Thursday<\/th>\n<td>10:00-16:00<\/td>\n<\/tr>\n<tr>\n<th>Friday<\/th>\n<td>10:00-16:00<\/td>\n<\/tr>\n<tr>\n<th>Saturday<\/th>\n<td>10:00-16:00<\/td>\n<\/tr>\n<tr>\n<th>Sunday<\/th>\n<td>\u00a0&#8211;<\/td>\n<\/tr>\n<\/tbody>\n<\/table>\n<p>In addition to our opening hours, Backa Loge can easily be booked for private parties or for conferences.<\/p>\n<\/div><\/div><div class=\"w-separator size_small\"><\/div><div class=\"wpb_text_column\"><div class=\"wpb_wrapper\"><h3>What do our guests say?<\/h3>\n<\/div><\/div><div class=\"w-grid type_carousel layout_259 cols_2\" id=\"us_grid_1\"><style>#us_grid_1 .w-grid-item{padding:1.5rem}#us_grid_1 .w-grid-list{margin:-1.5rem}.w-grid + #us_grid_1 .w-grid-list,.w-grid-none + #us_grid_1 .w-grid-list{margin-top:1.5rem}.layout_259 .w-grid-item-h{}.layout_259 .usg_vwrapper_1{padding:10%!important;background:var(--color-content-bg-alt)!important}<\/style><div class=\"w-grid-list owl-carousel navstyle_circle navpos_outside\" style=\"--arrows-size:1.8rem;\">\t<article class=\"w-grid-item post-6940 us_testimonial type-us_testimonial status-publish hentry us_testimonial_category-mat-en-2\" data-id=\"6940\">\r\n\t\t<div class=\"w-grid-item-h\">\r\n\t\t\t\t\t\t<div class=\"w-vwrapper usg_vwrapper_1 grid-block-quote align_none valign_top\" style=\"--vwrapper-gap:0.5rem\"><div class=\"w-hwrapper usg_hwrapper_1 align_none valign_middle\" style=\"--hwrapper-gap:1.20rem\"><h6 class=\"w-post-elm post_title usg_post_title_1 entry-title color_link_inherit\">Diana<\/h6><\/div><div class=\"w-post-elm post_content usg_post_content_1\">Incredibly good homemade food!<\/div><\/div>\t\t<\/div>\r\n\t<\/article>\r\n\t<article class=\"w-grid-item post-6939 us_testimonial type-us_testimonial status-publish hentry us_testimonial_category-mat-en-2\" data-id=\"6939\">\r\n\t\t<div class=\"w-grid-item-h\">\r\n\t\t\t\t\t\t<div class=\"w-vwrapper usg_vwrapper_1 grid-block-quote align_none valign_top\" style=\"--vwrapper-gap:0.5rem\"><div class=\"w-hwrapper usg_hwrapper_1 align_none valign_middle\" style=\"--hwrapper-gap:1.20rem\"><h6 class=\"w-post-elm post_title usg_post_title_1 entry-title color_link_inherit\">Edina Pivalic<\/h6><\/div><div class=\"w-post-elm post_content usg_post_content_1\">A hidden little gem that is incredibly beautiful by Lake Fegen. We were there for coffee and were very pleased. The place is beautifully located by the lake and you&hellip;<\/div><\/div>\t\t<\/div>\r\n\t<\/article>\r\n<\/div><div class=\"g-preloader type_1\">\r\n\t<div><\/div>\r\n<\/div>\r\n\t<div class=\"w-grid-json hidden\" onclick='return {&quot;action&quot;:&quot;us_ajax_grid&quot;,&quot;ajax_url&quot;:&quot;https:\\\/\\\/www.backaloge.se\\\/wp-admin\\\/admin-ajax.php&quot;,&quot;infinite_scroll&quot;:0,&quot;max_num_pages&quot;:1,&quot;pagination&quot;:&quot;none&quot;,&quot;permalink_url&quot;:&quot;https:\\\/\\\/www.backaloge.se\\\/en\\\/wp-json\\\/wp\\\/v2\\\/pages\\\/6441\\\/&quot;,&quot;template_vars&quot;:{&quot;columns&quot;:&quot;2&quot;,&quot;exclude_items&quot;:&quot;none&quot;,&quot;img_size&quot;:&quot;default&quot;,&quot;ignore_items_size&quot;:false,&quot;items_layout&quot;:&quot;259&quot;,&quot;items_offset&quot;:&quot;1&quot;,&quot;load_animation&quot;:&quot;none&quot;,&quot;overriding_link&quot;:&quot;none&quot;,&quot;post_id&quot;:6441,&quot;query_args&quot;:{&quot;post_type&quot;:[&quot;us_testimonial&quot;],&quot;tax_query&quot;:[{&quot;taxonomy&quot;:&quot;us_testimonial_category&quot;,&quot;field&quot;:&quot;slug&quot;,&quot;terms&quot;:[&quot;mat&quot;]}],&quot;post_status&quot;:[&quot;publish&quot;,&quot;acf-disabled&quot;],&quot;posts_per_page&quot;:&quot;10&quot;},&quot;orderby_query_args&quot;:{&quot;orderby&quot;:{&quot;date&quot;:&quot;DESC&quot;}},&quot;type&quot;:&quot;carousel&quot;,&quot;us_grid_ajax_index&quot;:1,&quot;us_grid_filter_params&quot;:null,&quot;us_grid_index&quot;:1,&quot;_us_grid_post_type&quot;:&quot;us_testimonial&quot;,&quot;lang&quot;:&quot;en&quot;},&quot;carousel_settings&quot;:{&quot;autoHeight&quot;:0,&quot;autoplay&quot;:0,&quot;carousel_fade&quot;:0,&quot;center&quot;:0,&quot;dots&quot;:0,&quot;items&quot;:&quot;2&quot;,&quot;loop&quot;:false,&quot;nav&quot;:1,&quot;slideby&quot;:&quot;1&quot;,&quot;smooth_play&quot;:0,&quot;speed&quot;:250,&quot;timeout&quot;:3000,&quot;transition&quot;:&quot;&quot;},&quot;carousel_breakpoints&quot;:{&quot;0&quot;:{&quot;autoHeight&quot;:0,&quot;autoplay&quot;:1,&quot;autoplayHoverPause&quot;:1,&quot;items&quot;:1,&quot;loop&quot;:true,&quot;stagePadding&quot;:0},&quot;600&quot;:{&quot;autoHeight&quot;:0,&quot;autoplay&quot;:1,&quot;autoplayHoverPause&quot;:1,&quot;items&quot;:2,&quot;loop&quot;:false,&quot;stagePadding&quot;:0},&quot;900&quot;:{&quot;autoHeight&quot;:0,&quot;autoplay&quot;:1,&quot;autoplayHoverPause&quot;:1,&quot;items&quot;:&quot;2&quot;,&quot;loop&quot;:false,&quot;stagePadding&quot;:0},&quot;1200&quot;:{&quot;items&quot;:2,&quot;stagePadding&quot;:0}}}'><\/div>\r\n\t<\/div><\/div><\/div><div class=\"wpb_column vc_column_container\"><div class=\"vc_column-inner\"><div class=\"w-slider style_none fit_scaledown\"><div class=\"w-slider-h\"><div class=\"royalSlider\"><div class=\"rsContent\"><a class=\"rsImg\" data-rsw=\"533\" data-rsh=\"800\" href=\"https:\/\/www.backaloge.se\/wp-content\/uploads\/2022\/06\/DSC_0033-2-533x800.jpg\"><span data-alt=\"Matlagning fr\u00e5n grunden med lokala r\u00e5varor: frukost med hjortsalami.\"><\/span><\/a><\/div><div class=\"rsContent\"><a class=\"rsImg\" data-rsw=\"533\" data-rsh=\"800\" href=\"https:\/\/www.backaloge.se\/wp-content\/uploads\/2022\/06\/DSC_0032-2-533x800.jpg\"><span data-alt=\"Matlagning fr\u00e5n grunden med lokala r\u00e5varor: frukost med hjortsalami.\"><\/span><\/a><\/div><div class=\"rsContent\"><a class=\"rsImg\" data-rsw=\"533\" data-rsh=\"800\" href=\"https:\/\/www.backaloge.se\/wp-content\/uploads\/2022\/06\/DSC_0013-533x800.jpg\"><span data-alt=\"Matlagning fr\u00e5n grunden med lokala r\u00e5varor: frukost med hjortsalami.\"><\/span><\/a><\/div><div class=\"rsContent\"><a class=\"rsImg\" data-rsw=\"600\" data-rsh=\"800\" href=\"https:\/\/www.backaloge.se\/wp-content\/uploads\/2022\/10\/20220429_153943-600x800.jpg\"><span data-alt=\"Sommarcaffets altan med utsikt \u00f6ver sj\u00f6n Fegen.\"><\/span><\/a><\/div><div class=\"rsContent\"><a class=\"rsImg\" data-rsw=\"600\" data-rsh=\"800\" href=\"https:\/\/www.backaloge.se\/wp-content\/uploads\/2022\/10\/20220512_142919-600x800.jpg\"><span data-alt=\"Rabarberskompot med lemoncurd och vitchoklamousse.\"><\/span><\/a><\/div><div class=\"rsContent\"><a class=\"rsImg\" data-rsw=\"726\" data-rsh=\"800\" href=\"https:\/\/www.backaloge.se\/wp-content\/uploads\/2022\/10\/20210526_010936-726x800.jpg\"><span data-alt=\"\"><\/span><\/a><\/div><div class=\"rsContent\"><a class=\"rsImg\" data-rsw=\"610\" data-rsh=\"800\" href=\"https:\/\/www.backaloge.se\/wp-content\/uploads\/2022\/06\/20200806_091341-610x800.jpg\"><span data-alt=\"Matlagning fr\u00e5n grunden med lokala r\u00e5varor: frukost.\"><\/span><\/a><\/div><div class=\"rsContent\"><a class=\"rsImg\" data-rsw=\"800\" data-rsh=\"800\" href=\"https:\/\/www.backaloge.se\/wp-content\/uploads\/2022\/10\/20210402_142326-800x800.jpg\"><span data-alt=\"\"><\/span><\/a><\/div><div class=\"rsContent\"><a class=\"rsImg\" data-rsw=\"800\" data-rsh=\"800\" href=\"https:\/\/www.backaloge.se\/wp-content\/uploads\/2022\/06\/20201010_171549-800x800.jpg\"><span data-alt=\"Matlagning fr\u00e5n grunden:\"><\/span><\/a><\/div><div class=\"rsContent\"><a class=\"rsImg\" data-rsw=\"1200\" data-rsh=\"800\" href=\"https:\/\/www.backaloge.se\/wp-content\/uploads\/2022\/10\/DSC_0363-1200x800.jpg\"><span data-alt=\"\"><\/span><\/a><\/div><div class=\"rsContent\"><a class=\"rsImg\" data-rsw=\"1067\" data-rsh=\"800\" href=\"https:\/\/www.backaloge.se\/wp-content\/uploads\/2022\/10\/20220419_183212-1067x800.jpg\"><span data-alt=\"Matlagning fr\u00e5n grunden: cashern\u00f6tter v\u00e5fflor med skagenr\u00f6ra.\"><\/span><\/a><\/div><div class=\"rsContent\"><a class=\"rsImg\" data-rsw=\"1024\" data-rsh=\"683\" href=\"https:\/\/www.backaloge.se\/wp-content\/uploads\/2022\/10\/V8A9645.jpg\"><span data-alt=\"En lyxig frukostkorg fylld med ett urval av lokala ostar, elegant presenterad p\u00e5 en rustik tr\u00e4yta, perfekt f\u00f6r en gourmetstart p\u00e5 dagen.\"><\/span><\/a><\/div><div class=\"rsContent\"><a class=\"rsImg\" data-rsw=\"1024\" data-rsh=\"683\" href=\"https:\/\/www.backaloge.se\/wp-content\/uploads\/2022\/10\/V8A9642.jpg\"><span data-alt=\"Bild av en fridfull frukost utomhus p\u00e5 v\u00e5ren vid v\u00e5rt semesterhus Selma, med utsikt \u00f6ver den blommande tr\u00e4dg\u00e5rden och morgonsolen som skiner p\u00e5 det dukade bordet.\"><\/span><\/a><\/div><div class=\"rsContent\"><a class=\"rsImg\" data-rsw=\"1024\" data-rsh=\"683\" href=\"https:\/\/www.backaloge.se\/wp-content\/uploads\/2022\/10\/V8A9560.jpg\"><span data-alt=\"En lyxig frukostkorg fylld med ett urval av lokala ostar, elegant presenterad p\u00e5 en rustik tr\u00e4yta, perfekt f\u00f6r en gourmetstart p\u00e5 dagen.\"><\/span><\/a><\/div><div class=\"rsContent\"><a class=\"rsImg\" data-rsw=\"1024\" data-rsh=\"683\" href=\"https:\/\/www.backaloge.se\/wp-content\/uploads\/2022\/10\/V8A9312.jpg\"><span data-alt=\"Utsikten fr\u00e5n sommarcaf\u00e9ets altan \u00f6ver den glittrande sj\u00f6n Fegen, en perfekt plats f\u00f6r avkoppling och naturupplevelser.\"><\/span><\/a><\/div><\/div><img decoding=\"async\" src=\"https:\/\/www.backaloge.se\/wp-content\/uploads\/2022\/06\/DSC_0033-2-533x800.jpg\" width=\"533\" height=\"800\" alt=\"Matlagning fr\u00e5n grunden med lokala r\u00e5varor: frukost med hjortsalami.\" loading=\"lazy\"><\/div><div class=\"w-slider-json\" onclick='return {&quot;loop&quot;:true,&quot;fadeInLoadedSlide&quot;:false,&quot;slidesSpacing&quot;:0,&quot;imageScalePadding&quot;:0,&quot;numImagesToPreload&quot;:2,&quot;arrowsNav&quot;:true,&quot;arrowsNavAutoHide&quot;:false,&quot;transitionType&quot;:&quot;move&quot;,&quot;transitionSpeed&quot;:250,&quot;block&quot;:{&quot;moveEffect&quot;:&quot;none&quot;,&quot;speed&quot;:300},&quot;controlNavigation&quot;:&quot;none&quot;,&quot;imageScaleMode&quot;:&quot;fit-if-smaller&quot;,&quot;autoScaleSlider&quot;:true,&quot;autoScaleSliderWidth&quot;:533,&quot;autoScaleSliderHeight&quot;:800,&quot;fitInViewport&quot;:false}'><\/div><\/div><\/div><\/div><\/div><\/div><\/section><section class=\"l-section wpb_row height_small\"><div class=\"l-section-h i-cf\"><div class=\"g-cols vc_row via_grid cols_1 laptops-cols_inherit tablets-cols_inherit mobiles-cols_1 valign_top type_default stacking_default\"><div class=\"wpb_column vc_column_container\"><div class=\"vc_column-inner\"><div class=\"wpb_text_column\"><div class=\"wpb_wrapper\"><p>From the Backa Loge caf\u00e9 outdoor dining area there are many opportunities for bird watching and observing nature. There is an osprey&#8217;s nest in the middle of the tree you can observe with the help of binoculars. Did you know that great loons also nest here? Many Canadaian geese, puffins, robins, great grebes, and many other bird species live here.<\/p>\n<\/div><\/div><\/div><\/div><\/div><\/div><\/section><section class=\"l-section wpb_row height_small\"><div class=\"l-section-h i-cf\"><div class=\"g-cols vc_row via_grid cols_5 laptops-cols_inherit tablets-cols_inherit mobiles-cols_1 valign_top type_default stacking_default\"><div class=\"wpb_column vc_column_container\"><div class=\"vc_column-inner\"><div class=\"w-image has_ratio align_none\"><div class=\"w-image-h\"><div style=\"padding-bottom:100%\"><\/div><img loading=\"lazy\" decoding=\"async\" width=\"280\" height=\"280\" src=\"https:\/\/www.backaloge.se\/wp-content\/uploads\/2022\/06\/Fiskgjuse-Backa-Loge-3996-280x280.jpg\" class=\"attachment-thumbnail size-thumbnail\" alt=\"Fiskgjuse Backa Loge. \u00a9Bo Eklund\" \/><\/div><\/div><\/div><\/div><div class=\"wpb_column vc_column_container\"><div class=\"vc_column-inner\"><div class=\"w-image has_ratio align_none\"><div class=\"w-image-h\"><div style=\"padding-bottom:100%\"><\/div><img loading=\"lazy\" decoding=\"async\" width=\"280\" height=\"280\" src=\"https:\/\/www.backaloge.se\/wp-content\/uploads\/2022\/10\/V8A9329-280x280.jpg\" class=\"attachment-thumbnail size-thumbnail\" alt=\"En f\u00e5gelsk\u00e5dningssession vid Backa Loge, d\u00e4r bes\u00f6kare med kikare iakttar lokala f\u00e5gelarter i deras naturliga habitat\" \/><\/div><\/div><\/div><\/div><div class=\"wpb_column vc_column_container\"><div class=\"vc_column-inner\"><div class=\"w-image has_ratio align_none\"><div class=\"w-image-h\"><div style=\"padding-bottom:100%\"><\/div><img loading=\"lazy\" decoding=\"async\" width=\"280\" height=\"280\" src=\"https:\/\/www.backaloge.se\/wp-content\/uploads\/2022\/10\/V8A9328-280x280.jpg\" class=\"attachment-thumbnail size-thumbnail\" alt=\"En f\u00e5gelsk\u00e5dningssession vid Backa Loge, d\u00e4r bes\u00f6kare med kikare iakttar lokala f\u00e5gelarter i deras naturliga habitat\" \/><\/div><\/div><\/div><\/div><div class=\"wpb_column vc_column_container\"><div class=\"vc_column-inner\"><div class=\"w-image has_ratio align_none\"><div class=\"w-image-h\"><div style=\"padding-bottom:100%\"><\/div><img loading=\"lazy\" decoding=\"async\" width=\"267\" height=\"400\" src=\"https:\/\/www.backaloge.se\/wp-content\/uploads\/2022\/10\/V8A9327-267x400.jpg\" class=\"attachment-medium size-medium\" alt=\"En f\u00e5gelsk\u00e5dningssession vid Backa Loge, d\u00e4r bes\u00f6kare med kikare iakttar lokala f\u00e5gelarter i deras naturliga habitat\" srcset=\"https:\/\/www.backaloge.se\/wp-content\/uploads\/2022\/10\/V8A9327-267x400.jpg 267w, https:\/\/www.backaloge.se\/wp-content\/uploads\/2022\/10\/V8A9327-533x800.jpg 533w, https:\/\/www.backaloge.se\/wp-content\/uploads\/2022\/10\/V8A9327.jpg 1024w\" sizes=\"(max-width: 267px) 100vw, 267px\" \/><\/div><\/div><\/div><\/div><div class=\"wpb_column vc_column_container\"><div class=\"vc_column-inner\"><div class=\"w-image has_ratio align_none\"><div class=\"w-image-h\"><div style=\"padding-bottom:100%\"><\/div><img loading=\"lazy\" decoding=\"async\" width=\"280\" height=\"280\" src=\"https:\/\/www.backaloge.se\/wp-content\/uploads\/2022\/06\/Storlom-Backa-Loge-2729-280x280.jpg\" class=\"attachment-thumbnail size-thumbnail\" alt=\"Storlom p\u00e5 Backa Loge. \u00a9Bo Eklund\" \/><\/div><\/div><\/div><\/div><\/div><\/div><\/section>\n","protected":false},"excerpt":{"rendered":"A hidden little gem that is incredibly beautiful by Lake Fegen. We were there for coffee and were very pleased. The place is beautifully located by the lake and you can't help but breathe out when you get there.","protected":false},"author":1,"featured_media":5084,"parent":0,"menu_order":0,"comment_status":"closed","ping_status":"closed","template":"","meta":{"footnotes":""},"class_list":["post-6441","page","type-page","status-publish","has-post-thumbnail","hentry"],"yoast_head":"<!-- This site is optimized with the Yoast SEO plugin v23.5 - https:\/\/yoast.com\/wordpress\/plugins\/seo\/ -->\n<title>Caf\u00e9 - Backa Loge<\/title>\n<meta name=\"robots\" content=\"index, follow, max-snippet:-1, max-image-preview:large, max-video-preview:-1\" \/>\n<link rel=\"canonical\" href=\"https:\/\/www.backaloge.se\/en\/cafe\/\" \/>\n<meta property=\"og:locale\" content=\"en_US\" \/>\n<meta property=\"og:type\" content=\"article\" \/>\n<meta property=\"og:title\" content=\"Caf\u00e9 - Backa Loge\" \/>\n<meta property=\"og:url\" content=\"https:\/\/www.backaloge.se\/en\/cafe\/\" \/>\n<meta property=\"og:site_name\" content=\"Backa Loge\" \/>\n<meta property=\"article:modified_time\" content=\"2024-01-24T14:26:12+00:00\" \/>\n<meta property=\"og:image\" content=\"https:\/\/www.backaloge.se\/wp-content\/uploads\/2022\/06\/IMG_6382-scaled.jpg\" \/>\n\t<meta property=\"og:image:width\" content=\"2560\" \/>\n\t<meta property=\"og:image:height\" content=\"1707\" \/>\n\t<meta property=\"og:image:type\" content=\"image\/jpeg\" \/>\n<meta name=\"twitter:card\" content=\"summary_large_image\" \/>\n<meta name=\"twitter:label1\" content=\"Est. reading time\" \/>\n\t<meta name=\"twitter:data1\" content=\"2 minutes\" \/>\n<script type=\"application\/ld+json\" class=\"yoast-schema-graph\">{\"@context\":\"https:\/\/schema.org\",\"@graph\":[{\"@type\":\"WebPage\",\"@id\":\"https:\/\/www.backaloge.se\/en\/cafe\/\",\"url\":\"https:\/\/www.backaloge.se\/en\/cafe\/\",\"name\":\"Caf\u00e9 - Backa Loge\",\"isPartOf\":{\"@id\":\"https:\/\/www.backaloge.se\/#website\"},\"primaryImageOfPage\":{\"@id\":\"https:\/\/www.backaloge.se\/en\/cafe\/#primaryimage\"},\"image\":{\"@id\":\"https:\/\/www.backaloge.se\/en\/cafe\/#primaryimage\"},\"thumbnailUrl\":\"https:\/\/www.backaloge.se\/wp-content\/uploads\/2022\/06\/IMG_6382-scaled.jpg\",\"datePublished\":\"2022-06-09T13:11:44+00:00\",\"dateModified\":\"2024-01-24T14:26:12+00:00\",\"breadcrumb\":{\"@id\":\"https:\/\/www.backaloge.se\/en\/cafe\/#breadcrumb\"},\"inLanguage\":\"en-US\",\"potentialAction\":[{\"@type\":\"ReadAction\",\"target\":[\"https:\/\/www.backaloge.se\/en\/cafe\/\"]}]},{\"@type\":\"ImageObject\",\"inLanguage\":\"en-US\",\"@id\":\"https:\/\/www.backaloge.se\/en\/cafe\/#primaryimage\",\"url\":\"https:\/\/www.backaloge.se\/wp-content\/uploads\/2022\/06\/IMG_6382-scaled.jpg\",\"contentUrl\":\"https:\/\/www.backaloge.se\/wp-content\/uploads\/2022\/06\/IMG_6382-scaled.jpg\",\"width\":2560,\"height\":1707,\"caption\":\"Br\u00f6llop p\u00e5 Backa Loge \u00a9HannasFotografier.se\"},{\"@type\":\"BreadcrumbList\",\"@id\":\"https:\/\/www.backaloge.se\/en\/cafe\/#breadcrumb\",\"itemListElement\":[{\"@type\":\"ListItem\",\"position\":1,\"name\":\"Hem\",\"item\":\"https:\/\/www.backaloge.se\/en\/\"},{\"@type\":\"ListItem\",\"position\":2,\"name\":\"Caf\u00e9\"}]},{\"@type\":\"WebSite\",\"@id\":\"https:\/\/www.backaloge.se\/#website\",\"url\":\"https:\/\/www.backaloge.se\/\",\"name\":\"Backa Loge\",\"description\":\"\u00c4nnu en WordPress-webbplats\",\"potentialAction\":[{\"@type\":\"SearchAction\",\"target\":{\"@type\":\"EntryPoint\",\"urlTemplate\":\"https:\/\/www.backaloge.se\/?s={search_term_string}\"},\"query-input\":{\"@type\":\"PropertyValueSpecification\",\"valueRequired\":true,\"valueName\":\"search_term_string\"}}],\"inLanguage\":\"en-US\"}]}<\/script>\n<!-- \/ Yoast SEO plugin. -->","yoast_head_json":{"title":"Caf\u00e9 - Backa Loge","robots":{"index":"index","follow":"follow","max-snippet":"max-snippet:-1","max-image-preview":"max-image-preview:large","max-video-preview":"max-video-preview:-1"},"canonical":"https:\/\/www.backaloge.se\/en\/cafe\/","og_locale":"en_US","og_type":"article","og_title":"Caf\u00e9 - Backa Loge","og_url":"https:\/\/www.backaloge.se\/en\/cafe\/","og_site_name":"Backa Loge","article_modified_time":"2024-01-24T14:26:12+00:00","og_image":[{"width":2560,"height":1707,"url":"https:\/\/www.backaloge.se\/wp-content\/uploads\/2022\/06\/IMG_6382-scaled.jpg","type":"image\/jpeg"}],"twitter_card":"summary_large_image","twitter_misc":{"Est. reading time":"2 minutes"},"schema":{"@context":"https:\/\/schema.org","@graph":[{"@type":"WebPage","@id":"https:\/\/www.backaloge.se\/en\/cafe\/","url":"https:\/\/www.backaloge.se\/en\/cafe\/","name":"Caf\u00e9 - Backa Loge","isPartOf":{"@id":"https:\/\/www.backaloge.se\/#website"},"primaryImageOfPage":{"@id":"https:\/\/www.backaloge.se\/en\/cafe\/#primaryimage"},"image":{"@id":"https:\/\/www.backaloge.se\/en\/cafe\/#primaryimage"},"thumbnailUrl":"https:\/\/www.backaloge.se\/wp-content\/uploads\/2022\/06\/IMG_6382-scaled.jpg","datePublished":"2022-06-09T13:11:44+00:00","dateModified":"2024-01-24T14:26:12+00:00","breadcrumb":{"@id":"https:\/\/www.backaloge.se\/en\/cafe\/#breadcrumb"},"inLanguage":"en-US","potentialAction":[{"@type":"ReadAction","target":["https:\/\/www.backaloge.se\/en\/cafe\/"]}]},{"@type":"ImageObject","inLanguage":"en-US","@id":"https:\/\/www.backaloge.se\/en\/cafe\/#primaryimage","url":"https:\/\/www.backaloge.se\/wp-content\/uploads\/2022\/06\/IMG_6382-scaled.jpg","contentUrl":"https:\/\/www.backaloge.se\/wp-content\/uploads\/2022\/06\/IMG_6382-scaled.jpg","width":2560,"height":1707,"caption":"Br\u00f6llop p\u00e5 Backa Loge \u00a9HannasFotografier.se"},{"@type":"BreadcrumbList","@id":"https:\/\/www.backaloge.se\/en\/cafe\/#breadcrumb","itemListElement":[{"@type":"ListItem","position":1,"name":"Hem","item":"https:\/\/www.backaloge.se\/en\/"},{"@type":"ListItem","position":2,"name":"Caf\u00e9"}]},{"@type":"WebSite","@id":"https:\/\/www.backaloge.se\/#website","url":"https:\/\/www.backaloge.se\/","name":"Backa Loge","description":"\u00c4nnu en WordPress-webbplats","potentialAction":[{"@type":"SearchAction","target":{"@type":"EntryPoint","urlTemplate":"https:\/\/www.backaloge.se\/?s={search_term_string}"},"query-input":{"@type":"PropertyValueSpecification","valueRequired":true,"valueName":"search_term_string"}}],"inLanguage":"en-US"}]}},"acf":[],"_links":{"self":[{"href":"https:\/\/www.backaloge.se\/en\/wp-json\/wp\/v2\/pages\/6441"}],"collection":[{"href":"https:\/\/www.backaloge.se\/en\/wp-json\/wp\/v2\/pages"}],"about":[{"href":"https:\/\/www.backaloge.se\/en\/wp-json\/wp\/v2\/types\/page"}],"author":[{"embeddable":true,"href":"https:\/\/www.backaloge.se\/en\/wp-json\/wp\/v2\/users\/1"}],"replies":[{"embeddable":true,"href":"https:\/\/www.backaloge.se\/en\/wp-json\/wp\/v2\/comments?post=6441"}],"version-history":[{"count":28,"href":"https:\/\/www.backaloge.se\/en\/wp-json\/wp\/v2\/pages\/6441\/revisions"}],"predecessor-version":[{"id":7256,"href":"https:\/\/www.backaloge.se\/en\/wp-json\/wp\/v2\/pages\/6441\/revisions\/7256"}],"wp:featuredmedia":[{"embeddable":true,"href":"https:\/\/www.backaloge.se\/en\/wp-json\/wp\/v2\/media\/5084"}],"wp:attachment":[{"href":"https:\/\/www.backaloge.se\/en\/wp-json\/wp\/v2\/media?parent=6441"}],"curies":[{"name":"wp","href":"https:\/\/api.w.org\/{rel}","templated":true}]}}