{"id":7043,"date":"2022-01-12T14:24:48","date_gmt":"2022-01-12T13:24:48","guid":{"rendered":"https:\/\/www.backaloge.se\/ueber-uns\/"},"modified":"2022-10-31T14:22:14","modified_gmt":"2022-10-31T13:22:14","slug":"ueber-uns","status":"publish","type":"page","link":"https:\/\/www.backaloge.se\/de\/ueber-uns\/","title":{"rendered":"\u00dcber uns"},"content":{"rendered":"<section class=\"l-section wpb_row height_small\"><div class=\"l-section-h i-cf\"><div class=\"g-cols vc_row via_grid cols_1 laptops-cols_inherit tablets-cols_inherit mobiles-cols_1 valign_top type_default stacking_default\"><div class=\"wpb_column vc_column_container\"><div class=\"vc_column-inner\"><div class=\"wpb_text_column\"><div class=\"wpb_wrapper\"><h3>Ich hei\u00dfe Gunta Riske und liebe es, G\u00e4ste zu empfangen.<\/h3>\n<p>Zusammen mit meinem Mann, der als Hausmeister in Gislaved arbeitet, und unseren sechs Kindern fing ich am 1. November 2020 an, Backa Loge zu betreiben. Wir haben \u00dcbernachtungsm\u00f6glichkeiten, ein Sommercaf\u00e9 und R\u00e4umlichkeiten f\u00fcr Events. Wir kommen aus Lettland aber sind seit acht Jahren in Schweden. Die letzten drei Jahre haben wir uns in die Natur Kalvs verliebt: die Seen, das Naturschutzgebiet und die W\u00e4lder. Ich liebe es \u00f6kologisches Essen zu kochen, am liebsten mit Zutaten aus unserer unmittelbaren Umgebung, und es unseren fantastischen G\u00e4sten anzubieten. In meiner Freizeit mache ich Sport, jogge oder gehe mit meinem Hund spazieren. Ich mag es auch, rund um das Jahr zu baden und um f\u00fcnf Uhr morgens aufzustehen.<\/p>\n<\/div><\/div><\/div><\/div><\/div><\/div><\/section><section class=\"l-section wpb_row height_auto\"><div class=\"l-section-h i-cf\"><div class=\"g-cols vc_row via_grid cols_1 laptops-cols_inherit tablets-cols_inherit mobiles-cols_1 valign_top type_default stacking_default\"><div class=\"wpb_column vc_column_container\"><div class=\"vc_column-inner\"><div class=\"w-separator size_small\"><\/div><div class=\"wpb_text_column\"><div class=\"wpb_wrapper\"><h3><strong>Ich genie\u00dfe das Leben hier und jetzt so wie es ist.<\/strong><\/h3>\n<\/div><\/div><\/div><\/div><\/div><\/div><\/section><section class=\"l-section wpb_row height_auto\"><div class=\"l-section-h i-cf\"><div class=\"g-cols vc_row via_grid cols_2 laptops-cols_inherit tablets-cols_inherit mobiles-cols_1 valign_top type_default stacking_default\"><div class=\"wpb_column vc_column_container\"><div class=\"vc_column-inner\"><div class=\"wpb_text_column\"><div class=\"wpb_wrapper\"><p>Ich habe einen Abschluss in Informationstechnik. Die letzten dreizehn Jahre war ich Vollzeitmutter und zu Hause bei den Kindern. Aber jetzt ist es die richtige Zeit, weiter zu gehen, mich weiter zu entwickeln und das Leben eine andere Richtung nehmen zu lassen. Backen, kochen, putzen und Tisch decken war mein Alltag mit den Kindern und nun ist es auch mein Berufsleben geworden!<\/p>\n<p>Seit ich vierzehn war, hatte ich einen Sommerjobb bei meinen Eltern, die eine kleine Gesch\u00e4ftskette, ein Caf\u00e9 und einen Campingplatz in Lettland betrieben. Als ich jung war liebte ich es. Ich durfte alles machen, was gerade notwendig war. Ich kassierte und war im Lager, ich durfte ein bisschen Buchhaltung machen, aber auch putzen, servieren und f\u00fcr gro\u00dfe Festlichkeiten den Tisch decken. Am liebsten arbeitete ich mit den Menschen im Laden und im Caf\u00e9. Es w\u00e4rmt mein Herz, dass ich jetzt die M\u00f6glichkeit habe, bei Backa Loge das gleiche zu machen.<\/p>\n<p>Ich w\u00e4re gern weiterhin nur Mutter geblieben, aber als Backa Loge auftauchte, habe ich verstanden, das es mir eine fantastische M\u00f6glichkeit geben w\u00fcrde, noch einen weiteren Schritt in meiner Berufskarriere zu machen. Hier kann ich das tun, was ich am besten kann, aber nicht nur f\u00fcr meine geliebte Familie. Nun sind das ganze Dorf Kalv und alle Besucher von Backa Loge meine G\u00e4ste. Ich mache diese Arbeit nicht, um reich zu werden, sondern um das tun zu d\u00fcrfen, was ich wirklich liebe.<\/p>\n<p>Wollt ihr wissen, wie ich alles schaffe? Meine Antwort ist, das alles geht, wenn man vern\u00fcnftig plant und ich liebe es, mein Leben zu planen. Wir werden sehen, wie es l\u00e4uft. Aber eine Sache ist mir jetzt schon klar: die Kinder d\u00fcrfen nie als Vorwand genutzt werden, um nicht das zu tun, was man wirklich will.<\/p>\n<h3 style=\"text-align: center;\">Herzlich willkommen!<\/h3>\n<p style=\"text-align: center;\">W\u00fcnscht euch die Familie Riskis<\/p>\n<\/div><\/div><\/div><\/div><div class=\"wpb_column vc_column_container\"><div class=\"vc_column-inner\"><div class=\"w-image align_none\"><div class=\"w-image-h\"><img loading=\"lazy\" decoding=\"async\" width=\"533\" height=\"800\" src=\"https:\/\/www.backaloge.se\/wp-content\/uploads\/2022\/09\/V8A8756-533x800.jpg\" class=\"attachment-large size-large\" alt=\"Familjen Riskis.\" srcset=\"https:\/\/www.backaloge.se\/wp-content\/uploads\/2022\/09\/V8A8756-533x800.jpg 533w, https:\/\/www.backaloge.se\/wp-content\/uploads\/2022\/09\/V8A8756-267x400.jpg 267w, https:\/\/www.backaloge.se\/wp-content\/uploads\/2022\/09\/V8A8756.jpg 1024w\" sizes=\"(max-width: 533px) 100vw, 533px\" \/><\/div><\/div><\/div><\/div><\/div><\/div><\/section><section class=\"l-section wpb_row height_small\"><div class=\"l-section-h i-cf\"><div class=\"g-cols vc_row via_grid cols_1 laptops-cols_inherit tablets-cols_inherit mobiles-cols_1 valign_top type_default stacking_default\"><div class=\"wpb_column vc_column_container\"><div class=\"vc_column-inner\"><div class=\"w-separator size_small\"><\/div><\/div><\/div><\/div><\/div><\/section>\n","protected":false},"excerpt":{"rendered":"Ich hei\u00dfe Gunta Riske und liebe es, G\u00e4ste zu empfangen. Zusammen mit meinem Mann, der als Hausmeister in Gislaved arbeitet, und unseren sechs Kindern fing ich am 1. November 2020 an, Backa Loge zu betreiben. Wir haben \u00dcbernachtungsm\u00f6glichkeiten, ein Sommercaf\u00e9 und R\u00e4umlichkeiten f\u00fcr Events. Wir kommen aus Lettland aber sind seit acht Jahren in Schweden....","protected":false},"author":1,"featured_media":7269,"parent":0,"menu_order":0,"comment_status":"closed","ping_status":"closed","template":"","meta":{"footnotes":""},"class_list":["post-7043","page","type-page","status-publish","has-post-thumbnail","hentry"],"yoast_head":"<!-- This site is optimized with the Yoast SEO plugin v23.5 - https:\/\/yoast.com\/wordpress\/plugins\/seo\/ -->\n<title>\u00dcber uns - Backa Loge<\/title>\n<meta name=\"robots\" content=\"index, follow, max-snippet:-1, max-image-preview:large, max-video-preview:-1\" \/>\n<link rel=\"canonical\" href=\"https:\/\/www.backaloge.se\/de\/ueber-uns\/\" \/>\n<meta property=\"og:locale\" content=\"de_DE\" \/>\n<meta property=\"og:type\" content=\"article\" \/>\n<meta property=\"og:title\" content=\"\u00dcber uns - Backa Loge\" \/>\n<meta property=\"og:url\" content=\"https:\/\/www.backaloge.se\/de\/ueber-uns\/\" \/>\n<meta property=\"og:site_name\" content=\"Backa Loge\" \/>\n<meta property=\"article:modified_time\" content=\"2022-10-31T13:22:14+00:00\" \/>\n<meta property=\"og:image\" content=\"https:\/\/www.backaloge.se\/wp-content\/uploads\/2022\/09\/V8A8934-kopia.jpg\" \/>\n\t<meta property=\"og:image:width\" content=\"1024\" \/>\n\t<meta property=\"og:image:height\" content=\"379\" \/>\n\t<meta property=\"og:image:type\" content=\"image\/jpeg\" \/>\n<meta name=\"twitter:card\" content=\"summary_large_image\" \/>\n<meta name=\"twitter:label1\" content=\"Gesch\u00e4tzte Lesezeit\" \/>\n\t<meta name=\"twitter:data1\" content=\"3\u00a0Minuten\" \/>\n<script type=\"application\/ld+json\" class=\"yoast-schema-graph\">{\"@context\":\"https:\/\/schema.org\",\"@graph\":[{\"@type\":\"WebPage\",\"@id\":\"https:\/\/www.backaloge.se\/de\/ueber-uns\/\",\"url\":\"https:\/\/www.backaloge.se\/de\/ueber-uns\/\",\"name\":\"\u00dcber uns - Backa Loge\",\"isPartOf\":{\"@id\":\"https:\/\/www.backaloge.se\/#website\"},\"primaryImageOfPage\":{\"@id\":\"https:\/\/www.backaloge.se\/de\/ueber-uns\/#primaryimage\"},\"image\":{\"@id\":\"https:\/\/www.backaloge.se\/de\/ueber-uns\/#primaryimage\"},\"thumbnailUrl\":\"https:\/\/www.backaloge.se\/wp-content\/uploads\/2024\/03\/Ovre-Backa-_3-scaled.jpg\",\"datePublished\":\"2022-01-12T13:24:48+00:00\",\"dateModified\":\"2022-10-31T13:22:14+00:00\",\"breadcrumb\":{\"@id\":\"https:\/\/www.backaloge.se\/de\/ueber-uns\/#breadcrumb\"},\"inLanguage\":\"de\",\"potentialAction\":[{\"@type\":\"ReadAction\",\"target\":[\"https:\/\/www.backaloge.se\/de\/ueber-uns\/\"]}]},{\"@type\":\"ImageObject\",\"inLanguage\":\"de\",\"@id\":\"https:\/\/www.backaloge.se\/de\/ueber-uns\/#primaryimage\",\"url\":\"https:\/\/www.backaloge.se\/wp-content\/uploads\/2024\/03\/Ovre-Backa-_3-scaled.jpg\",\"contentUrl\":\"https:\/\/www.backaloge.se\/wp-content\/uploads\/2024\/03\/Ovre-Backa-_3-scaled.jpg\",\"width\":2560,\"height\":1706,\"caption\":\"Boende mitt i Fegen naturreservat.\"},{\"@type\":\"BreadcrumbList\",\"@id\":\"https:\/\/www.backaloge.se\/de\/ueber-uns\/#breadcrumb\",\"itemListElement\":[{\"@type\":\"ListItem\",\"position\":1,\"name\":\"Hem\",\"item\":\"https:\/\/www.backaloge.se\/de\/\"},{\"@type\":\"ListItem\",\"position\":2,\"name\":\"\u00dcber uns\"}]},{\"@type\":\"WebSite\",\"@id\":\"https:\/\/www.backaloge.se\/#website\",\"url\":\"https:\/\/www.backaloge.se\/\",\"name\":\"Backa Loge\",\"description\":\"\u00c4nnu en WordPress-webbplats\",\"potentialAction\":[{\"@type\":\"SearchAction\",\"target\":{\"@type\":\"EntryPoint\",\"urlTemplate\":\"https:\/\/www.backaloge.se\/?s={search_term_string}\"},\"query-input\":{\"@type\":\"PropertyValueSpecification\",\"valueRequired\":true,\"valueName\":\"search_term_string\"}}],\"inLanguage\":\"de\"}]}<\/script>\n<!-- \/ Yoast SEO plugin. -->","yoast_head_json":{"title":"\u00dcber uns - Backa Loge","robots":{"index":"index","follow":"follow","max-snippet":"max-snippet:-1","max-image-preview":"max-image-preview:large","max-video-preview":"max-video-preview:-1"},"canonical":"https:\/\/www.backaloge.se\/de\/ueber-uns\/","og_locale":"de_DE","og_type":"article","og_title":"\u00dcber uns - Backa Loge","og_url":"https:\/\/www.backaloge.se\/de\/ueber-uns\/","og_site_name":"Backa Loge","article_modified_time":"2022-10-31T13:22:14+00:00","og_image":[{"width":1024,"height":379,"url":"https:\/\/www.backaloge.se\/wp-content\/uploads\/2022\/09\/V8A8934-kopia.jpg","type":"image\/jpeg"}],"twitter_card":"summary_large_image","twitter_misc":{"Gesch\u00e4tzte Lesezeit":"3\u00a0Minuten"},"schema":{"@context":"https:\/\/schema.org","@graph":[{"@type":"WebPage","@id":"https:\/\/www.backaloge.se\/de\/ueber-uns\/","url":"https:\/\/www.backaloge.se\/de\/ueber-uns\/","name":"\u00dcber uns - Backa Loge","isPartOf":{"@id":"https:\/\/www.backaloge.se\/#website"},"primaryImageOfPage":{"@id":"https:\/\/www.backaloge.se\/de\/ueber-uns\/#primaryimage"},"image":{"@id":"https:\/\/www.backaloge.se\/de\/ueber-uns\/#primaryimage"},"thumbnailUrl":"https:\/\/www.backaloge.se\/wp-content\/uploads\/2024\/03\/Ovre-Backa-_3-scaled.jpg","datePublished":"2022-01-12T13:24:48+00:00","dateModified":"2022-10-31T13:22:14+00:00","breadcrumb":{"@id":"https:\/\/www.backaloge.se\/de\/ueber-uns\/#breadcrumb"},"inLanguage":"de","potentialAction":[{"@type":"ReadAction","target":["https:\/\/www.backaloge.se\/de\/ueber-uns\/"]}]},{"@type":"ImageObject","inLanguage":"de","@id":"https:\/\/www.backaloge.se\/de\/ueber-uns\/#primaryimage","url":"https:\/\/www.backaloge.se\/wp-content\/uploads\/2024\/03\/Ovre-Backa-_3-scaled.jpg","contentUrl":"https:\/\/www.backaloge.se\/wp-content\/uploads\/2024\/03\/Ovre-Backa-_3-scaled.jpg","width":2560,"height":1706,"caption":"Boende mitt i Fegen naturreservat."},{"@type":"BreadcrumbList","@id":"https:\/\/www.backaloge.se\/de\/ueber-uns\/#breadcrumb","itemListElement":[{"@type":"ListItem","position":1,"name":"Hem","item":"https:\/\/www.backaloge.se\/de\/"},{"@type":"ListItem","position":2,"name":"\u00dcber uns"}]},{"@type":"WebSite","@id":"https:\/\/www.backaloge.se\/#website","url":"https:\/\/www.backaloge.se\/","name":"Backa Loge","description":"\u00c4nnu en WordPress-webbplats","potentialAction":[{"@type":"SearchAction","target":{"@type":"EntryPoint","urlTemplate":"https:\/\/www.backaloge.se\/?s={search_term_string}"},"query-input":{"@type":"PropertyValueSpecification","valueRequired":true,"valueName":"search_term_string"}}],"inLanguage":"de"}]}},"acf":[],"_links":{"self":[{"href":"https:\/\/www.backaloge.se\/de\/wp-json\/wp\/v2\/pages\/7043"}],"collection":[{"href":"https:\/\/www.backaloge.se\/de\/wp-json\/wp\/v2\/pages"}],"about":[{"href":"https:\/\/www.backaloge.se\/de\/wp-json\/wp\/v2\/types\/page"}],"author":[{"embeddable":true,"href":"https:\/\/www.backaloge.se\/de\/wp-json\/wp\/v2\/users\/1"}],"replies":[{"embeddable":true,"href":"https:\/\/www.backaloge.se\/de\/wp-json\/wp\/v2\/comments?post=7043"}],"version-history":[{"count":2,"href":"https:\/\/www.backaloge.se\/de\/wp-json\/wp\/v2\/pages\/7043\/revisions"}],"predecessor-version":[{"id":7045,"href":"https:\/\/www.backaloge.se\/de\/wp-json\/wp\/v2\/pages\/7043\/revisions\/7045"}],"wp:featuredmedia":[{"embeddable":true,"href":"https:\/\/www.backaloge.se\/de\/wp-json\/wp\/v2\/media\/7269"}],"wp:attachment":[{"href":"https:\/\/www.backaloge.se\/de\/wp-json\/wp\/v2\/media?parent=7043"}],"curies":[{"name":"wp","href":"https:\/\/api.w.org\/{rel}","templated":true}]}}