{"id":6706,"date":"2022-06-07T16:27:31","date_gmt":"2022-06-07T14:27:31","guid":{"rendered":"https:\/\/www.backaloge.se\/kontakt\/"},"modified":"2022-10-31T00:16:16","modified_gmt":"2022-10-30T23:16:16","slug":"kontakt","status":"publish","type":"page","link":"https:\/\/www.backaloge.se\/de\/kontakt\/","title":{"rendered":"Kontakt"},"content":{"rendered":"<section class=\"l-section wpb_row height_medium\"><div class=\"l-section-h i-cf\"><div class=\"g-cols vc_row via_grid cols_2 laptops-cols_inherit tablets-cols_inherit mobiles-cols_1 valign_top type_default stacking_default\"><div class=\"wpb_column vc_column_container\"><div class=\"vc_column-inner\"><div class=\"wpb_text_column\"><div class=\"wpb_wrapper\"><h3><strong>Kontaktiere uns<\/strong><\/h3>\n<p><strong>Gunta Riske\u00a0\u00a0 \u00a0 \u00a0 \u00a0<\/strong><br \/>\n<a href=\"tel:+46 (0)704539339\">+46 (0)704539339<\/a><br \/>\n<a href=\"mailto:info@backaloge.se\">info@backaloge.se<\/a><\/p>\n<\/div><\/div><div class=\"w-separator size_small\"><\/div><div class=\"wpb_text_column\"><div class=\"wpb_wrapper\"><p><strong>Schreib uns<\/strong><\/p>\n<\/div><\/div><div class=\"w-separator size_small\"><\/div>\n<div class=\"wpcf7 no-js\" id=\"wpcf7-f3286-o1\" lang=\"en-US\" dir=\"ltr\">\n<div class=\"screen-reader-response\"><p role=\"status\" aria-live=\"polite\" aria-atomic=\"true\"><\/p> <ul><\/ul><\/div>\n<form action=\"\/de\/wp-json\/wp\/v2\/pages\/6706#wpcf7-f3286-o1\" method=\"post\" class=\"wpcf7-form init\" aria-label=\"Contact form\" novalidate=\"novalidate\" data-status=\"init\">\n<div style=\"display: none;\">\n<input type=\"hidden\" name=\"_wpcf7\" value=\"3286\" \/>\n<input type=\"hidden\" name=\"_wpcf7_version\" value=\"5.9.8\" \/>\n<input type=\"hidden\" name=\"_wpcf7_locale\" value=\"en_US\" \/>\n<input type=\"hidden\" name=\"_wpcf7_unit_tag\" value=\"wpcf7-f3286-o1\" \/>\n<input type=\"hidden\" name=\"_wpcf7_container_post\" value=\"0\" \/>\n<input type=\"hidden\" name=\"_wpcf7_posted_data_hash\" value=\"\" \/>\n<\/div>\n<p><span class=\"wpcf7-form-control-wrap\" data-name=\"your-name\"><input size=\"40\" maxlength=\"400\" class=\"wpcf7-form-control wpcf7-text wpcf7-validates-as-required\" aria-required=\"true\" aria-invalid=\"false\" placeholder=\"Ditt namn\" value=\"\" type=\"text\" name=\"your-name\" \/><\/span>\n<\/p>\n<p><span class=\"wpcf7-form-control-wrap\" data-name=\"your-email\"><input size=\"40\" maxlength=\"400\" class=\"wpcf7-form-control wpcf7-email wpcf7-validates-as-required wpcf7-text wpcf7-validates-as-email\" aria-required=\"true\" aria-invalid=\"false\" placeholder=\"E-postadress\" value=\"\" type=\"email\" name=\"your-email\" \/><\/span>\n<\/p>\n<p><span class=\"wpcf7-form-control-wrap\" data-name=\"your-tel\"><input size=\"40\" maxlength=\"400\" class=\"wpcf7-form-control wpcf7-tel wpcf7-validates-as-required wpcf7-text wpcf7-validates-as-tel\" aria-required=\"true\" aria-invalid=\"false\" placeholder=\"Telefonnummer\" value=\"\" type=\"tel\" name=\"your-tel\" \/><\/span>\n<\/p>\n<p><span class=\"wpcf7-form-control-wrap\" data-name=\"your-message\"><textarea cols=\"40\" rows=\"2\" maxlength=\"2000\" class=\"wpcf7-form-control wpcf7-textarea\" aria-invalid=\"false\" placeholder=\"Meddelande\" name=\"your-message\"><\/textarea><\/span>\n<\/p>\n<p><input class=\"wpcf7-form-control wpcf7-submit has-spinner button\" type=\"submit\" value=\"SKICKA MEDDELANDE\" \/>\n<\/p><div class=\"wpcf7-response-output\" aria-hidden=\"true\"><\/div>\n<\/form>\n<\/div>\n<div class=\"w-separator size_small\"><\/div><div class=\"wpb_text_column\"><div class=\"wpb_wrapper\"><h4>Wegbeschreibung<\/h4>\n<p>Auf dem Weg zwischen Fegen und Kalv, 6 km s\u00fcdlich von Kalv, 12 km n\u00f6rdlich von Fegen. Siehe Schild, Backa Loge, Ekomuseum 2 km.<\/p>\n<blockquote>\n<p>Schmaler und kurvenreicher Weg aber\u2026<\/p>\n<p>\u2026 wer auf etwas Gutes wartet, wartet nie zu lange!<\/p>\n<\/blockquote>\n<p>M\u00f6chtest du \u00f6ffentlich zu Backa Loge fahren? Dann kannst du mit <u>N\u00e4rtrafik<\/u> fahren.<\/p>\n<p>Bilde mit Freunden und Bekannten eine Fahrgemeinschaft.<\/p>\n<\/div><\/div><\/div><\/div><div class=\"wpb_column vc_column_container\"><div class=\"vc_column-inner\"><div class=\"wpb_text_column\"><div class=\"wpb_wrapper\"><h3>Besuchsadresse<\/h3>\n<p>Backa Loge<br \/>\n\u00d6vre Backa 1<br \/>\n512 61 Kalv<\/p>\n<p><strong>GPS:<\/strong>\u00a0\u00a057.1993, 13.1451<\/p>\n<\/div><\/div><div class=\"w-separator size_small\"><\/div><div class=\"w-map provider_google\" id=\"us_map_1\"><div class=\"w-map-json\" onclick='return {&quot;address&quot;:&quot;57.1993, 13.1451&quot;,&quot;zoom&quot;:13,&quot;hideControls&quot;:0,&quot;disableZoom&quot;:0,&quot;disableDragging&quot;:0,&quot;markers&quot;:[{&quot;address&quot;:&quot;57.1993, 13.1451&quot;,&quot;html&quot;:&quot;&quot;,&quot;infowindow&quot;:false}],&quot;maptype&quot;:&quot;ROADMAP&quot;}'><\/div><\/div><div class=\"w-separator size_small\"><\/div><\/div><\/div><\/div><\/div><\/section>\n","protected":false},"excerpt":{"rendered":"Kontaktiere uns Gunta Riske\u00a0\u00a0 \u00a0 \u00a0 \u00a0 +46 (0)704539339 info@backaloge.se Schreib uns Wegbeschreibung Auf dem Weg zwischen Fegen und Kalv, 6 km s\u00fcdlich von Kalv, 12 km n\u00f6rdlich von Fegen. Siehe Schild, Backa Loge, Ekomuseum 2 km. Schmaler und kurvenreicher Weg aber\u2026 \u2026 wer auf etwas Gutes wartet, wartet nie zu lange! M\u00f6chtest du \u00f6ffentlich...","protected":false},"author":1,"featured_media":7294,"parent":0,"menu_order":0,"comment_status":"closed","ping_status":"closed","template":"","meta":{"footnotes":""},"class_list":["post-6706","page","type-page","status-publish","has-post-thumbnail","hentry"],"yoast_head":"<!-- This site is optimized with the Yoast SEO plugin v23.5 - https:\/\/yoast.com\/wordpress\/plugins\/seo\/ -->\n<title>Kontakt - Backa Loge<\/title>\n<meta name=\"robots\" content=\"index, follow, max-snippet:-1, max-image-preview:large, max-video-preview:-1\" \/>\n<link rel=\"canonical\" href=\"https:\/\/www.backaloge.se\/de\/kontakt\/\" \/>\n<meta property=\"og:locale\" content=\"de_DE\" \/>\n<meta property=\"og:type\" content=\"article\" \/>\n<meta property=\"og:title\" content=\"Kontakt - Backa Loge\" \/>\n<meta property=\"og:url\" content=\"https:\/\/www.backaloge.se\/de\/kontakt\/\" \/>\n<meta property=\"og:site_name\" content=\"Backa Loge\" \/>\n<meta property=\"article:modified_time\" content=\"2022-10-30T23:16:16+00:00\" \/>\n<meta property=\"og:image\" content=\"https:\/\/www.backaloge.se\/wp-content\/uploads\/2022\/10\/DSC_0123-scaled.jpg\" \/>\n\t<meta property=\"og:image:width\" content=\"2560\" \/>\n\t<meta property=\"og:image:height\" content=\"1707\" \/>\n\t<meta property=\"og:image:type\" content=\"image\/jpeg\" \/>\n<meta name=\"twitter:card\" content=\"summary_large_image\" \/>\n<meta name=\"twitter:label1\" content=\"Gesch\u00e4tzte Lesezeit\" \/>\n\t<meta name=\"twitter:data1\" content=\"1\u00a0Minute\" \/>\n<script type=\"application\/ld+json\" class=\"yoast-schema-graph\">{\"@context\":\"https:\/\/schema.org\",\"@graph\":[{\"@type\":\"WebPage\",\"@id\":\"https:\/\/www.backaloge.se\/de\/kontakt\/\",\"url\":\"https:\/\/www.backaloge.se\/de\/kontakt\/\",\"name\":\"Kontakt - Backa Loge\",\"isPartOf\":{\"@id\":\"https:\/\/www.backaloge.se\/#website\"},\"primaryImageOfPage\":{\"@id\":\"https:\/\/www.backaloge.se\/de\/kontakt\/#primaryimage\"},\"image\":{\"@id\":\"https:\/\/www.backaloge.se\/de\/kontakt\/#primaryimage\"},\"thumbnailUrl\":\"https:\/\/www.backaloge.se\/wp-content\/uploads\/2024\/03\/Ovre-Backa-_91-scaled.jpg\",\"datePublished\":\"2022-06-07T14:27:31+00:00\",\"dateModified\":\"2022-10-30T23:16:16+00:00\",\"breadcrumb\":{\"@id\":\"https:\/\/www.backaloge.se\/de\/kontakt\/#breadcrumb\"},\"inLanguage\":\"de\",\"potentialAction\":[{\"@type\":\"ReadAction\",\"target\":[\"https:\/\/www.backaloge.se\/de\/kontakt\/\"]}]},{\"@type\":\"ImageObject\",\"inLanguage\":\"de\",\"@id\":\"https:\/\/www.backaloge.se\/de\/kontakt\/#primaryimage\",\"url\":\"https:\/\/www.backaloge.se\/wp-content\/uploads\/2024\/03\/Ovre-Backa-_91-scaled.jpg\",\"contentUrl\":\"https:\/\/www.backaloge.se\/wp-content\/uploads\/2024\/03\/Ovre-Backa-_91-scaled.jpg\",\"width\":2560,\"height\":1706,\"caption\":\"Backa Loge mitt i Fegen naturreservat\"},{\"@type\":\"BreadcrumbList\",\"@id\":\"https:\/\/www.backaloge.se\/de\/kontakt\/#breadcrumb\",\"itemListElement\":[{\"@type\":\"ListItem\",\"position\":1,\"name\":\"Hem\",\"item\":\"https:\/\/www.backaloge.se\/de\/\"},{\"@type\":\"ListItem\",\"position\":2,\"name\":\"Kontakt\"}]},{\"@type\":\"WebSite\",\"@id\":\"https:\/\/www.backaloge.se\/#website\",\"url\":\"https:\/\/www.backaloge.se\/\",\"name\":\"Backa Loge\",\"description\":\"\u00c4nnu en WordPress-webbplats\",\"potentialAction\":[{\"@type\":\"SearchAction\",\"target\":{\"@type\":\"EntryPoint\",\"urlTemplate\":\"https:\/\/www.backaloge.se\/?s={search_term_string}\"},\"query-input\":{\"@type\":\"PropertyValueSpecification\",\"valueRequired\":true,\"valueName\":\"search_term_string\"}}],\"inLanguage\":\"de\"}]}<\/script>\n<!-- \/ Yoast SEO plugin. -->","yoast_head_json":{"title":"Kontakt - Backa Loge","robots":{"index":"index","follow":"follow","max-snippet":"max-snippet:-1","max-image-preview":"max-image-preview:large","max-video-preview":"max-video-preview:-1"},"canonical":"https:\/\/www.backaloge.se\/de\/kontakt\/","og_locale":"de_DE","og_type":"article","og_title":"Kontakt - Backa Loge","og_url":"https:\/\/www.backaloge.se\/de\/kontakt\/","og_site_name":"Backa Loge","article_modified_time":"2022-10-30T23:16:16+00:00","og_image":[{"width":2560,"height":1707,"url":"https:\/\/www.backaloge.se\/wp-content\/uploads\/2022\/10\/DSC_0123-scaled.jpg","type":"image\/jpeg"}],"twitter_card":"summary_large_image","twitter_misc":{"Gesch\u00e4tzte Lesezeit":"1\u00a0Minute"},"schema":{"@context":"https:\/\/schema.org","@graph":[{"@type":"WebPage","@id":"https:\/\/www.backaloge.se\/de\/kontakt\/","url":"https:\/\/www.backaloge.se\/de\/kontakt\/","name":"Kontakt - Backa Loge","isPartOf":{"@id":"https:\/\/www.backaloge.se\/#website"},"primaryImageOfPage":{"@id":"https:\/\/www.backaloge.se\/de\/kontakt\/#primaryimage"},"image":{"@id":"https:\/\/www.backaloge.se\/de\/kontakt\/#primaryimage"},"thumbnailUrl":"https:\/\/www.backaloge.se\/wp-content\/uploads\/2024\/03\/Ovre-Backa-_91-scaled.jpg","datePublished":"2022-06-07T14:27:31+00:00","dateModified":"2022-10-30T23:16:16+00:00","breadcrumb":{"@id":"https:\/\/www.backaloge.se\/de\/kontakt\/#breadcrumb"},"inLanguage":"de","potentialAction":[{"@type":"ReadAction","target":["https:\/\/www.backaloge.se\/de\/kontakt\/"]}]},{"@type":"ImageObject","inLanguage":"de","@id":"https:\/\/www.backaloge.se\/de\/kontakt\/#primaryimage","url":"https:\/\/www.backaloge.se\/wp-content\/uploads\/2024\/03\/Ovre-Backa-_91-scaled.jpg","contentUrl":"https:\/\/www.backaloge.se\/wp-content\/uploads\/2024\/03\/Ovre-Backa-_91-scaled.jpg","width":2560,"height":1706,"caption":"Backa Loge mitt i Fegen naturreservat"},{"@type":"BreadcrumbList","@id":"https:\/\/www.backaloge.se\/de\/kontakt\/#breadcrumb","itemListElement":[{"@type":"ListItem","position":1,"name":"Hem","item":"https:\/\/www.backaloge.se\/de\/"},{"@type":"ListItem","position":2,"name":"Kontakt"}]},{"@type":"WebSite","@id":"https:\/\/www.backaloge.se\/#website","url":"https:\/\/www.backaloge.se\/","name":"Backa Loge","description":"\u00c4nnu en WordPress-webbplats","potentialAction":[{"@type":"SearchAction","target":{"@type":"EntryPoint","urlTemplate":"https:\/\/www.backaloge.se\/?s={search_term_string}"},"query-input":{"@type":"PropertyValueSpecification","valueRequired":true,"valueName":"search_term_string"}}],"inLanguage":"de"}]}},"acf":[],"_links":{"self":[{"href":"https:\/\/www.backaloge.se\/de\/wp-json\/wp\/v2\/pages\/6706"}],"collection":[{"href":"https:\/\/www.backaloge.se\/de\/wp-json\/wp\/v2\/pages"}],"about":[{"href":"https:\/\/www.backaloge.se\/de\/wp-json\/wp\/v2\/types\/page"}],"author":[{"embeddable":true,"href":"https:\/\/www.backaloge.se\/de\/wp-json\/wp\/v2\/users\/1"}],"replies":[{"embeddable":true,"href":"https:\/\/www.backaloge.se\/de\/wp-json\/wp\/v2\/comments?post=6706"}],"version-history":[{"count":3,"href":"https:\/\/www.backaloge.se\/de\/wp-json\/wp\/v2\/pages\/6706\/revisions"}],"predecessor-version":[{"id":7179,"href":"https:\/\/www.backaloge.se\/de\/wp-json\/wp\/v2\/pages\/6706\/revisions\/7179"}],"wp:featuredmedia":[{"embeddable":true,"href":"https:\/\/www.backaloge.se\/de\/wp-json\/wp\/v2\/media\/7294"}],"wp:attachment":[{"href":"https:\/\/www.backaloge.se\/de\/wp-json\/wp\/v2\/media?parent=6706"}],"curies":[{"name":"wp","href":"https:\/\/api.w.org\/{rel}","templated":true}]}}