{"id":6552,"date":"2022-06-07T16:27:31","date_gmt":"2022-06-07T14:27:31","guid":{"rendered":"https:\/\/www.backaloge.se\/hochzeit-feier\/"},"modified":"2023-02-01T14:24:43","modified_gmt":"2023-02-01T13:24:43","slug":"hochzeit-feier","status":"publish","type":"page","link":"https:\/\/www.backaloge.se\/de\/hochzeit-feier\/","title":{"rendered":"Hochzeit \/ Feier"},"content":{"rendered":"<section class=\"l-section wpb_row height_auto\"><div class=\"l-section-h i-cf\"><div class=\"g-cols vc_row via_grid cols_1 laptops-cols_inherit tablets-cols_inherit mobiles-cols_1 valign_top type_default stacking_default\"><div class=\"wpb_column vc_column_container\"><div class=\"vc_column-inner\"><div class=\"wpb_text_column\"><div class=\"wpb_wrapper\"><h2>Hochzeit<\/h2>\n<p>Traumhochzeit \u2013 genauso, wie ihr es haben wollt! Ihr k\u00f6nnt selbst eueren Tag so gestalten, wie es zu euch passt.<\/p>\n<p>Wie sch\u00f6n, dass ihr euch vorstellen k\u00f6nnt, auf Backa Loge zu heiraten! Oder vielleicht auch ein anderes Fest zu feiern! Hier k\u00f6nnt ihr den Tag genau so gestalten, wie ihr ihn gerne h\u00e4ttet. Wir helfen vor allem mit der Organisation, damit eure Hochzeit ein Tag wird, an den ihr gerne zur\u00fcckdenkt.<\/p>\n<p>Backa Loge liegt im Naturschutzgebiet Fegen, etwa 109 km von G\u00f6teborg entfernt. Ihr und euere G\u00e4ste k\u00f6nnen ein Hochzeitsfr\u00fchst\u00fcck\/Brunch in unserer rustikalen, sch\u00f6nen Scheune mit liebevollen Details und einer tollen Atmosph\u00e4re genie\u00dfen. In die Scheune passen etwa 90 G\u00e4ste (Sitzpl\u00e4tze) und auf der Vorderseite der Scheune befindet sich unser gem\u00fctliches Caf\u00e9.<\/p>\n<p>Wir helfen gern mit Tipps zur Logistik und verraten gern unseren Lieblingslieferanten f\u00fcr eueren gro\u00dfen Tag! Unser Hochzeitsplaner kann auch komplette Pakete anbieten, die alles beinhalten, was ihr f\u00fcr eueren Hochzeitstag braucht.<\/p>\n<p>M\u00f6chtest du die R\u00e4umlichkeiten auf Backa Loge schon mal kennenlernen? Kein Problem! Bitte beachte jedoch, dass wir w\u00e4hrend der \u00d6ffnungszeiten des Sommercaf\u00e9s auf Backa Loge meistens sehr besch\u00e4ftigt sind und wir bitten euch deswegen, etwas Geduld mitzubringen oder einfach gerade diese Zeiten zu meiden.<\/p>\n<h4><strong>Freie Termine<\/strong><\/h4>\n<p>Wir vermieten unsere R\u00e4umlichkeiten f\u00fcr Hochzeiten und Feiern vor allem w\u00e4hrend der Hochsaison von Mai bis September. Kontaktiere uns, um einen Termin zu finden, der zu euren W\u00fcnschen passt. \u00dcbrigens, der Caf\u00e9-Bereich der Scheune kann beheizt werden und passt dann auch perfekt f\u00fcr ein gem\u00fctliches Herbstfest oder eine fr\u00fche Fr\u00fchlingsfeier.<\/p>\n<p>Das ganze Gel\u00e4nde von Backa Loge ist f\u00fcr Hochzeit 2023 gebucht am<\/p>\n<ul>\n<li>17 Juni 2023;<\/li>\n<li>8 Juli 2023;<\/li>\n<li>16 September 2023.<\/li>\n<\/ul>\n<\/div><\/div><div class=\"w-separator size_small\"><\/div><div class=\"w-image align_none\"><div class=\"w-image-h\"><img loading=\"lazy\" decoding=\"async\" width=\"1280\" height=\"768\" src=\"https:\/\/www.backaloge.se\/wp-content\/uploads\/2022\/06\/IMG_7441-2000x1200-1-1333x800.jpg\" class=\"attachment-large size-large\" alt=\"Ladan p\u00e5 Backa Loge dekorerad f\u00f6r br\u00f6llop, med extra tyggardiner och st\u00e4mningsfull extra belysning, skapar en elegant och festlig atmosf\u00e4r f\u00f6r br\u00f6llopsfirandet\" srcset=\"https:\/\/www.backaloge.se\/wp-content\/uploads\/2022\/06\/IMG_7441-2000x1200-1-1333x800.jpg 1333w, https:\/\/www.backaloge.se\/wp-content\/uploads\/2022\/06\/IMG_7441-2000x1200-1-667x400.jpg 667w, https:\/\/www.backaloge.se\/wp-content\/uploads\/2022\/06\/IMG_7441-2000x1200-1.jpg 2000w\" sizes=\"(max-width: 1280px) 100vw, 1280px\" \/><\/div><\/div><div class=\"w-separator size_large\"><\/div><\/div><\/div><\/div><\/div><\/section><section class=\"l-section wpb_row height_auto\"><div class=\"l-section-h i-cf\"><div class=\"g-cols vc_row via_grid cols_1 laptops-cols_inherit tablets-cols_inherit mobiles-cols_1 valign_top type_default stacking_default\"><div class=\"wpb_column vc_column_container\"><div class=\"vc_column-inner\"><div class=\"wpb_text_column\"><div class=\"wpb_wrapper\"><p><strong>Was sagen unsere Kunden? <\/strong><\/p>\n<\/div><\/div><div class=\"w-grid type_carousel layout_259 cols_2\" id=\"us_grid_1\"><style>#us_grid_1 .w-grid-item{padding:1.5rem}#us_grid_1 .w-grid-list{margin:-1.5rem}.w-grid + #us_grid_1 .w-grid-list,.w-grid-none + #us_grid_1 .w-grid-list{margin-top:1.5rem}.layout_259 .w-grid-item-h{}.layout_259 .usg_vwrapper_1{padding:10%!important;background:var(--color-content-bg-alt)!important}<\/style><div class=\"w-grid-list owl-carousel navstyle_circle navpos_outside\" style=\"--arrows-size:1.8rem;\">\t<article class=\"w-grid-item post-6938 us_testimonial type-us_testimonial status-publish hentry us_testimonial_category-brollop-de\" data-id=\"6938\">\r\n\t\t<div class=\"w-grid-item-h\">\r\n\t\t\t\t\t\t<div class=\"w-vwrapper usg_vwrapper_1 grid-block-quote align_none valign_top\" style=\"--vwrapper-gap:0.5rem\"><div class=\"w-hwrapper usg_hwrapper_1 align_none valign_middle\" style=\"--hwrapper-gap:1.20rem\"><h6 class=\"w-post-elm post_title usg_post_title_1 entry-title color_link_inherit\">Morgan Johansson<\/h6><\/div><div class=\"w-post-elm post_content usg_post_content_1\">Meine Schwester hatte die beste Hochzeitsfeier der Welt dort. Das Personal war unglaublich nett und der Ort ist wunderbar.<\/div><\/div>\t\t<\/div>\r\n\t<\/article>\r\n\t<article class=\"w-grid-item post-6935 us_testimonial type-us_testimonial status-publish hentry us_testimonial_category-brollop-de\" data-id=\"6935\">\r\n\t\t<div class=\"w-grid-item-h\">\r\n\t\t\t\t\t\t<div class=\"w-vwrapper usg_vwrapper_1 grid-block-quote align_none valign_top\" style=\"--vwrapper-gap:0.5rem\"><div class=\"w-hwrapper usg_hwrapper_1 align_none valign_middle\" style=\"--hwrapper-gap:1.20rem\"><h6 class=\"w-post-elm post_title usg_post_title_1 entry-title color_link_inherit\">Melody Jacob<\/h6><\/div><div class=\"w-post-elm post_content usg_post_content_1\">Gro\u00dfen Dank f\u00fcr gestern, ihr seid die besten! Wir sind unglaublich zufrieden mit allem!<\/div><\/div>\t\t<\/div>\r\n\t<\/article>\r\n\t<article class=\"w-grid-item post-6932 us_testimonial type-us_testimonial status-publish hentry us_testimonial_category-brollop-de\" data-id=\"6932\">\r\n\t\t<div class=\"w-grid-item-h\">\r\n\t\t\t\t\t\t<div class=\"w-vwrapper usg_vwrapper_1 grid-block-quote align_none valign_top\" style=\"--vwrapper-gap:0.5rem\"><div class=\"w-hwrapper usg_hwrapper_1 align_none valign_middle\" style=\"--hwrapper-gap:1.20rem\"><h6 class=\"w-post-elm post_title usg_post_title_1 entry-title color_link_inherit\">Hanna Haraldsson<\/h6><\/div><div class=\"w-post-elm post_content usg_post_content_1\">Gro\u00dfen Dank, Gunta, an euer fantastisches Personal und an die Familie f\u00fcr die M\u00f6glichkeit und die Hilfe!\u00a0 Alles wurde genau so perfekt, wie ein Traum, genauso wie wir es uns&hellip;<\/div><\/div>\t\t<\/div>\r\n\t<\/article>\r\n<\/div><div class=\"g-preloader type_1\">\r\n\t<div><\/div>\r\n<\/div>\r\n\t<div class=\"w-grid-json hidden\" onclick='return {&quot;action&quot;:&quot;us_ajax_grid&quot;,&quot;ajax_url&quot;:&quot;https:\\\/\\\/www.backaloge.se\\\/wp-admin\\\/admin-ajax.php&quot;,&quot;infinite_scroll&quot;:0,&quot;max_num_pages&quot;:1,&quot;pagination&quot;:&quot;none&quot;,&quot;permalink_url&quot;:&quot;https:\\\/\\\/www.backaloge.se\\\/de\\\/wp-json\\\/wp\\\/v2\\\/pages\\\/6552\\\/&quot;,&quot;template_vars&quot;:{&quot;columns&quot;:&quot;2&quot;,&quot;exclude_items&quot;:&quot;none&quot;,&quot;img_size&quot;:&quot;default&quot;,&quot;ignore_items_size&quot;:false,&quot;items_layout&quot;:&quot;259&quot;,&quot;items_offset&quot;:&quot;1&quot;,&quot;load_animation&quot;:&quot;none&quot;,&quot;overriding_link&quot;:&quot;none&quot;,&quot;post_id&quot;:6552,&quot;query_args&quot;:{&quot;post_type&quot;:[&quot;us_testimonial&quot;],&quot;tax_query&quot;:[{&quot;taxonomy&quot;:&quot;us_testimonial_category&quot;,&quot;field&quot;:&quot;slug&quot;,&quot;terms&quot;:[&quot;brollop&quot;]}],&quot;post_status&quot;:[&quot;publish&quot;,&quot;acf-disabled&quot;],&quot;posts_per_page&quot;:&quot;10&quot;},&quot;orderby_query_args&quot;:{&quot;orderby&quot;:{&quot;date&quot;:&quot;DESC&quot;}},&quot;type&quot;:&quot;carousel&quot;,&quot;us_grid_ajax_index&quot;:1,&quot;us_grid_filter_params&quot;:null,&quot;us_grid_index&quot;:1,&quot;_us_grid_post_type&quot;:&quot;us_testimonial&quot;,&quot;lang&quot;:&quot;de&quot;},&quot;carousel_settings&quot;:{&quot;autoHeight&quot;:0,&quot;autoplay&quot;:0,&quot;carousel_fade&quot;:0,&quot;center&quot;:0,&quot;dots&quot;:0,&quot;items&quot;:&quot;2&quot;,&quot;loop&quot;:false,&quot;nav&quot;:1,&quot;slideby&quot;:&quot;1&quot;,&quot;smooth_play&quot;:0,&quot;speed&quot;:250,&quot;timeout&quot;:3000,&quot;transition&quot;:&quot;&quot;},&quot;carousel_breakpoints&quot;:{&quot;0&quot;:{&quot;autoHeight&quot;:0,&quot;autoplay&quot;:1,&quot;autoplayHoverPause&quot;:1,&quot;items&quot;:1,&quot;loop&quot;:true,&quot;stagePadding&quot;:0},&quot;600&quot;:{&quot;autoHeight&quot;:0,&quot;autoplay&quot;:1,&quot;autoplayHoverPause&quot;:1,&quot;items&quot;:2,&quot;loop&quot;:false,&quot;stagePadding&quot;:0},&quot;900&quot;:{&quot;autoHeight&quot;:0,&quot;autoplay&quot;:1,&quot;autoplayHoverPause&quot;:1,&quot;items&quot;:&quot;2&quot;,&quot;loop&quot;:false,&quot;stagePadding&quot;:0},&quot;1200&quot;:{&quot;items&quot;:2,&quot;stagePadding&quot;:0}}}'><\/div>\r\n\t<\/div><div class=\"w-separator size_small\"><\/div><\/div><\/div><\/div><\/div><\/section><section class=\"l-section wpb_row height_small\"><div class=\"l-section-h i-cf\"><div class=\"g-cols vc_row via_grid cols_2 laptops-cols_inherit tablets-cols_inherit mobiles-cols_1 valign_top type_default stacking_default\"><div class=\"wpb_column vc_column_container\"><div class=\"vc_column-inner\"><div class=\"w-image align_none\"><div class=\"w-image-h\"><img loading=\"lazy\" decoding=\"async\" width=\"1199\" height=\"800\" src=\"https:\/\/www.backaloge.se\/wp-content\/uploads\/2022\/06\/Backa-Loge-Brollop-Portfolio-065-1199x800.jpg\" class=\"attachment-large size-large\" alt=\"Br\u00f6llop i logen\" srcset=\"https:\/\/www.backaloge.se\/wp-content\/uploads\/2022\/06\/Backa-Loge-Brollop-Portfolio-065-1199x800.jpg 1199w, https:\/\/www.backaloge.se\/wp-content\/uploads\/2022\/06\/Backa-Loge-Brollop-Portfolio-065-599x400.jpg 599w, https:\/\/www.backaloge.se\/wp-content\/uploads\/2022\/06\/Backa-Loge-Brollop-Portfolio-065.jpg 1618w\" sizes=\"(max-width: 1199px) 100vw, 1199px\" \/><\/div><\/div><\/div><\/div><div class=\"wpb_column vc_column_container\"><div class=\"vc_column-inner\"><div class=\"w-image align_none\"><div class=\"w-image-h\"><img loading=\"lazy\" decoding=\"async\" width=\"900\" height=\"613\" src=\"https:\/\/www.backaloge.se\/wp-content\/uploads\/2022\/10\/blogg_007.jpg\" class=\"attachment-large size-large\" alt=\"\u00c5terbruk oh \u00e5tervinning\" srcset=\"https:\/\/www.backaloge.se\/wp-content\/uploads\/2022\/10\/blogg_007.jpg 900w, https:\/\/www.backaloge.se\/wp-content\/uploads\/2022\/10\/blogg_007-587x400.jpg 587w\" sizes=\"(max-width: 900px) 100vw, 900px\" \/><\/div><\/div><\/div><\/div><\/div><\/div><\/section><section class=\"l-section wpb_row height_small\"><div class=\"l-section-h i-cf\"><div class=\"g-cols vc_row via_grid cols_1 laptops-cols_inherit tablets-cols_inherit mobiles-cols_1 valign_top type_default stacking_default\"><div class=\"wpb_column vc_column_container\"><div class=\"vc_column-inner\"><div class=\"wpb_text_column\"><div class=\"wpb_wrapper\"><h2>Nachhaltige und \u00f6ko-freundliche Hochzeiten\/Feiern<\/h2>\n<\/div><\/div><div class=\"w-separator size_small\"><\/div><div class=\"wpb_text_column with_collapsible_content\" data-content-height=\"200px\"><div class=\"wpb_wrapper\"><h4><strong>Trauung<\/strong><\/h4>\n<p>Ihr k\u00f6nnt euch nat\u00fcrlich auch bei uns mitten in der sch\u00f6nen Natur, mit Aussicht \u00fcber dem Fegen-See, trauen lassen, oder in der Scheune, falls es regnen sollte. Falls ihr lieber die Trauung in einer Kirche haben wollt, k\u00f6nnt ihr beispielsweise diese hier w\u00e4hlen:<\/p>\n<ul>\n<li>Kalvs Kirche in Kalv, V\u00e4sterg\u00f6tlands l\u00e4n (7,1 km von Backa Loge entfernt)<\/li>\n<li>Fegens Kapelle in Fegen, Hallands l\u00e4n (16 km von Backa Loge entfernt)<\/li>\n<li>Sandviks Kirche in Burseryd, J\u00f6nk\u00f6pings l\u00e4n (31 km von Backa Loge entfernt)<\/li>\n<\/ul>\n<p>Termine f\u00fcr die Trauung werden direkt von euch mit der jeweiligen Kirchenverwaltung abgemacht.<\/p>\n<h4><strong>R\u00e4umlichkeiten<\/strong><\/h4>\n<p>Auf Backa Loge k\u00f6nnt ihr unsere R\u00e4umlichkeiten mieten, also entweder die Scheune und\/oder den Caf\u00e9-Bereich. Ihr k\u00f6nnt auch die Terrasse, den Garten und die Grillh\u00fctte benutzen. Kontaktiere uns gerne, falls ihr sehen wollt, wie es bei uns aussieht. Falls ihr die ganze Anlage inklusive Urlaubshaus mietet, seid ihr und euere Freunde die einzigen G\u00e4ste.<\/p>\n<h4><strong>Musik und Tanz<\/strong><\/h4>\n<p>Livemusik oder Musikanlage organisiert ihr gerne selbst, und Tanzen auf Backa Loge ist auf jeden Fall erlaubt.<\/p>\n<h4><strong>\u00dcbernachten <\/strong><\/h4>\n<p>Auf Backa Loge gibt es insgesamt neunzehn Schlafpl\u00e4tze, folgend verteilt:<\/p>\n<ul>\n<li>Urlaubshaus mit sieben Zimmern \u2013 dreizehn Betten + vier Extrabetten<\/li>\n<li>Hochzeitssuite mit privater Sauna von 50m\u00b2 &#8211; zwei Betten.<\/li>\n<\/ul>\n<p><strong>Kapazit\u00e4t<\/strong><\/p>\n<p>Der Caf\u00e9-Bereich hat Platz f\u00fcr<\/p>\n<ul>\n<li>100 G\u00e4ste, ohne feste Sitzpl\u00e4tze<\/li>\n<li>70 G\u00e4ste (feste Sitzpl\u00e4tze)<\/li>\n<\/ul>\n<p>Die Scheune hat Platz f\u00fcr<\/p>\n<ul>\n<li>150 G\u00e4ste, ohne feste Sitzpl\u00e4tze<\/li>\n<li>90 G\u00e4ste (feste Sitzpl\u00e4tze)<\/li>\n<\/ul>\n<h4><strong>Personal <\/strong><\/h4>\n<p>Wir haben ein festes Team f\u00fcr die Bedienung, das ihr nicht abw\u00e4hlen k\u00f6nnt. Die Kosten hierf\u00fcr variieren, je nach Anzahl der G\u00e4ste, des Speiseplans und wie lange die Feier geht. Die Bedienung kostet 400 SEK\/Stunde. Das Minimum an Bedienung sind vier Stunden. In der Bedienung ist ein Oberkellner dabei und eine Stunde f\u00fcr Planung und Auswertung. Wir empfehlen eine Bedienung je 30 G\u00e4ste, wenn es Buffet gibt und eine Bedienung je 15 G\u00e4ste, wenn das Essen den G\u00e4sten am Tisch serviert wird.<\/p>\n<h5><strong>Ausnahme!<\/strong><\/h5>\n<p>Falls der Tag oder die Zeit f\u00fcr uns nicht passt, habt ihr die M\u00f6glichkeit, euer eigenes Personal mitzubringen. Dies muss aber mit uns abgesprochen werden. Dann vermieten wir nur die R\u00e4umlichkeiten. Die K\u00fcche soll nach der Feier sauber \u00fcbergeben werden und das ist in der Verantwortung der beauftragten Cateringfirma.<\/p>\n<p><strong>Die K\u00fcche<\/strong><\/p>\n<p>Backa Loge hat eine kleine K\u00fcche. Die K\u00fcche kann zum Aufw\u00e4rmen und zur Zubereitung von Speisen genutzt werden. Die Miete von Backofen, Grill, Warmhalteplatten, einem extra K\u00fchlschrank und einem Gefrierschrank kann dazu kommen.<\/p>\n<h4><strong>Essen und Trinken <\/strong><\/h4>\n<p>Wenn ihr eine alkoholfreie Hochzeit\/Feier haben m\u00f6chtet, helfen wir mit dem Essen. Preis auf Anfrage.<\/p>\n<p>Ihr k\u00f6nnt Essen \u00fcber das Catering bestellen oder ihr kocht selber zu Hause. Ihr k\u00f6nnt zu Backa Loge auch eigene Getr\u00e4nke mitbringen (Alkoholische und Alkoholfreie).<\/p>\n<h4><strong>Gl\u00e4ser und Geschirr<\/strong><\/h4>\n<p>Gl\u00e4ser und Geschirr sind inkludiert, wenn du die R\u00e4umlichkeiten f\u00fcr Hochzeiten und Feiern mietest. Hier gibt es Gl\u00e4ser f\u00fcr Wasser, Wein und Champagner. Au\u00dferdem gibt es Teller f\u00fcr Hauptgericht, Suppe, Vorspeise und Nachtisch. Wir stellen auch Kaffeegeschirr und Besteck zu Verf\u00fcgung.<\/p>\n<h4><strong>Tisch decken <\/strong><\/h4>\n<p>W\u00e4hrend der Zeit, die ihr die R\u00e4umlichkeiten gemietet habt, sorgt ihr selbst daf\u00fcr, dass die Tische gedeckt werden oder ihr bestellt die Dienstleistung bei uns oder durch die Cateringfirma.<\/p>\n<h4><strong>Tischdecken und Deko <\/strong><\/h4>\n<p>Graue Tischdecken, wei\u00dfe Stuhlhaussen und wei\u00dfe Decken k\u00f6nnt bei uns gemietet werden. Eventuelle Tischdeko d\u00fcrft ihr selbst besorgen oder ihr bucht es bei uns.<\/p>\n<h4><strong>Tischgr\u00f6ssen<\/strong><\/h4>\n<table>\n<tbody>\n<tr>\n<th style=\"text-align: left;\">In der Scheune<\/th>\n<td>Holztische (?? Tische)<\/td>\n<\/tr>\n<tr>\n<th style=\"text-align: left;\">In der Scheune<\/th>\n<td>Holztische (?? Tische)<\/td>\n<\/tr>\n<tr>\n<th style=\"text-align: left;\">In der Scheune<\/th>\n<td>Holztische (zwei Tische) 200 * 43 cm<\/td>\n<\/tr>\n<tr>\n<th style=\"text-align: left;\">Im Caf\u00e9<\/th>\n<td>Holzesstische (zw\u00f6lf Tische) 180 * 78 cm<\/td>\n<\/tr>\n<tr>\n<th style=\"text-align: left;\">Im Caf\u00e9<\/th>\n<td>Rundes Holztisch (ein Tisch) d = 111 cm<\/td>\n<\/tr>\n<tr>\n<th style=\"text-align: left;\">Auf der Terrasse<\/th>\n<td>Holzesstische (vier Tisch) 150 * 71 cm<\/td>\n<\/tr>\n<tr>\n<th style=\"text-align: left;\">Auf der Terrasse<\/th>\n<td>Holzesstische (vier Tisch) 70 * 70 cm<\/td>\n<\/tr>\n<\/tbody>\n<\/table>\n<h4><strong>Sicherheit und Brand<\/strong><\/h4>\n<p>Um unsere sch\u00f6ne Holzscheune aus dem 17.Jahrhundert vor Brand zu sch\u00fctzen, ist es euch nur erlaubt, Batteriekerzen zu nutzen. Deswegen sind alle Kerzen und Eisfackeln in der Scheune verboten. Kerzen sind aber im Caf\u00e9 erlaubt.<\/p>\n<h5><strong>Denk dran! <\/strong><\/h5>\n<ul>\n<li>Auf Grund unseres Nachhaltigkeitsprofils d\u00fcrft ihr bei uns auf Backa Loge kein Konfetti aus Papier oder Plastik verwenden, weder drau\u00dfen noch innen. Nur biologisch abbaubares Material, sowie Vogelfutter oder Rosenbl\u00e4tter sind erlaubt.<\/li>\n<li>Alle M\u00f6bel m\u00fcssen zur\u00fcck gestellt werden, wo sie hingeh\u00f6ren, im Urlaubshaus, in der Scheune und im Caf\u00e9.<\/li>\n<li>Eventuell entstandener \u201eM\u00fcll\u201c oder sonstiges Material, das ihr mitgebracht habt, m\u00fcsst ihr auch wieder entsorgen (gilt nicht f\u00fcr Essensreste).<\/li>\n<li>Falls euere G\u00e4ste Bilder und Filme zeigen wollen, m\u00fcsste ihr Projektor, Bildschirm und Computer bitte selber mitbringen.<\/li>\n<\/ul>\n<h4><strong>Rauchen<\/strong><\/h4>\n<p>Rauchen ist im Haus und auf der Terrasse nicht erlaubt. Backa Loge ist eine rauchfreie Umgebung. Es gibt Aschenbecker f\u00fcr Raucher, frag uns danach, falls ihr die ben\u00f6tigen solltet.<\/p>\n<h4><strong>Zeiten<\/strong><\/h4>\n<p>Wir haben weder feste Start- noch Endzeiten f\u00fcr die Festlichkeiten bei uns. Wenn euer Fest beginnen und aufh\u00f6ren soll, besprecht ihr mit uns. Denk daran, dass ihr mindestens zwei Stunden Vorberei-tungszeit braucht, bevor die Feier beginnt. Vergesst nicht, mit der Cateringfirma abzusprechen, wie viel Zeit sie f\u00fcr ihre Vorbereitungen brauchen.<\/p>\n<\/div><div class=\"toggle-links align_none\"><a href=\"javascript:void(0)\" class=\"collapsible-content-more\">Lies mehr hier<\/a><a href=\"javascript:void(0)\" class=\"collapsible-content-less\">Weniger zeigen<\/a><\/div><\/div><\/div><\/div><\/div><\/div><\/section>\n","protected":false},"excerpt":{"rendered":"Gro\u00dfen Dank, Gunta, an euer fantastisches Personal und an die Familie f\u00fcr die M\u00f6glichkeit und die Hilfe!\u00a0 Alles wurde genau so perfekt, wie ein Traum, genauso wie wir es uns gew\u00fcnscht hatten!","protected":false},"author":1,"featured_media":5137,"parent":0,"menu_order":0,"comment_status":"closed","ping_status":"closed","template":"","meta":{"footnotes":""},"class_list":["post-6552","page","type-page","status-publish","has-post-thumbnail","hentry"],"yoast_head":"<!-- This site is optimized with the Yoast SEO plugin v23.5 - https:\/\/yoast.com\/wordpress\/plugins\/seo\/ -->\n<title>Hochzeit \/ Feier - Backa Loge<\/title>\n<meta name=\"robots\" content=\"index, follow, max-snippet:-1, max-image-preview:large, max-video-preview:-1\" \/>\n<link rel=\"canonical\" href=\"https:\/\/www.backaloge.se\/de\/hochzeit-feier\/\" \/>\n<meta property=\"og:locale\" content=\"de_DE\" \/>\n<meta property=\"og:type\" content=\"article\" \/>\n<meta property=\"og:title\" content=\"Hochzeit \/ Feier - Backa Loge\" \/>\n<meta property=\"og:url\" content=\"https:\/\/www.backaloge.se\/de\/hochzeit-feier\/\" \/>\n<meta property=\"og:site_name\" content=\"Backa Loge\" \/>\n<meta property=\"article:modified_time\" content=\"2023-02-01T13:24:43+00:00\" \/>\n<meta property=\"og:image\" content=\"https:\/\/www.backaloge.se\/wp-content\/uploads\/2022\/06\/Backa-Loge-Brollop-Portfolio-001.jpg\" \/>\n\t<meta property=\"og:image:width\" content=\"1618\" \/>\n\t<meta property=\"og:image:height\" content=\"1080\" \/>\n\t<meta property=\"og:image:type\" content=\"image\/jpeg\" \/>\n<meta name=\"twitter:card\" content=\"summary_large_image\" \/>\n<meta name=\"twitter:label1\" content=\"Gesch\u00e4tzte Lesezeit\" \/>\n\t<meta name=\"twitter:data1\" content=\"6\u00a0Minuten\" \/>\n<script type=\"application\/ld+json\" class=\"yoast-schema-graph\">{\"@context\":\"https:\/\/schema.org\",\"@graph\":[{\"@type\":\"WebPage\",\"@id\":\"https:\/\/www.backaloge.se\/de\/hochzeit-feier\/\",\"url\":\"https:\/\/www.backaloge.se\/de\/hochzeit-feier\/\",\"name\":\"Hochzeit \/ Feier - Backa Loge\",\"isPartOf\":{\"@id\":\"https:\/\/www.backaloge.se\/#website\"},\"primaryImageOfPage\":{\"@id\":\"https:\/\/www.backaloge.se\/de\/hochzeit-feier\/#primaryimage\"},\"image\":{\"@id\":\"https:\/\/www.backaloge.se\/de\/hochzeit-feier\/#primaryimage\"},\"thumbnailUrl\":\"https:\/\/www.backaloge.se\/wp-content\/uploads\/2022\/06\/Backa-Loge-Brollop-Portfolio-001.jpg\",\"datePublished\":\"2022-06-07T14:27:31+00:00\",\"dateModified\":\"2023-02-01T13:24:43+00:00\",\"breadcrumb\":{\"@id\":\"https:\/\/www.backaloge.se\/de\/hochzeit-feier\/#breadcrumb\"},\"inLanguage\":\"de\",\"potentialAction\":[{\"@type\":\"ReadAction\",\"target\":[\"https:\/\/www.backaloge.se\/de\/hochzeit-feier\/\"]}]},{\"@type\":\"ImageObject\",\"inLanguage\":\"de\",\"@id\":\"https:\/\/www.backaloge.se\/de\/hochzeit-feier\/#primaryimage\",\"url\":\"https:\/\/www.backaloge.se\/wp-content\/uploads\/2022\/06\/Backa-Loge-Brollop-Portfolio-001.jpg\",\"contentUrl\":\"https:\/\/www.backaloge.se\/wp-content\/uploads\/2022\/06\/Backa-Loge-Brollop-Portfolio-001.jpg\",\"width\":1618,\"height\":1080,\"caption\":\"Br\u00f6llop p\u00e5 Backa Loge \u00a9David Bergs\"},{\"@type\":\"BreadcrumbList\",\"@id\":\"https:\/\/www.backaloge.se\/de\/hochzeit-feier\/#breadcrumb\",\"itemListElement\":[{\"@type\":\"ListItem\",\"position\":1,\"name\":\"Hem\",\"item\":\"https:\/\/www.backaloge.se\/de\/\"},{\"@type\":\"ListItem\",\"position\":2,\"name\":\"Hochzeit \/ Feier\"}]},{\"@type\":\"WebSite\",\"@id\":\"https:\/\/www.backaloge.se\/#website\",\"url\":\"https:\/\/www.backaloge.se\/\",\"name\":\"Backa Loge\",\"description\":\"\u00c4nnu en WordPress-webbplats\",\"potentialAction\":[{\"@type\":\"SearchAction\",\"target\":{\"@type\":\"EntryPoint\",\"urlTemplate\":\"https:\/\/www.backaloge.se\/?s={search_term_string}\"},\"query-input\":{\"@type\":\"PropertyValueSpecification\",\"valueRequired\":true,\"valueName\":\"search_term_string\"}}],\"inLanguage\":\"de\"}]}<\/script>\n<!-- \/ Yoast SEO plugin. -->","yoast_head_json":{"title":"Hochzeit \/ Feier - Backa Loge","robots":{"index":"index","follow":"follow","max-snippet":"max-snippet:-1","max-image-preview":"max-image-preview:large","max-video-preview":"max-video-preview:-1"},"canonical":"https:\/\/www.backaloge.se\/de\/hochzeit-feier\/","og_locale":"de_DE","og_type":"article","og_title":"Hochzeit \/ Feier - Backa Loge","og_url":"https:\/\/www.backaloge.se\/de\/hochzeit-feier\/","og_site_name":"Backa Loge","article_modified_time":"2023-02-01T13:24:43+00:00","og_image":[{"width":1618,"height":1080,"url":"https:\/\/www.backaloge.se\/wp-content\/uploads\/2022\/06\/Backa-Loge-Brollop-Portfolio-001.jpg","type":"image\/jpeg"}],"twitter_card":"summary_large_image","twitter_misc":{"Gesch\u00e4tzte Lesezeit":"6\u00a0Minuten"},"schema":{"@context":"https:\/\/schema.org","@graph":[{"@type":"WebPage","@id":"https:\/\/www.backaloge.se\/de\/hochzeit-feier\/","url":"https:\/\/www.backaloge.se\/de\/hochzeit-feier\/","name":"Hochzeit \/ Feier - Backa Loge","isPartOf":{"@id":"https:\/\/www.backaloge.se\/#website"},"primaryImageOfPage":{"@id":"https:\/\/www.backaloge.se\/de\/hochzeit-feier\/#primaryimage"},"image":{"@id":"https:\/\/www.backaloge.se\/de\/hochzeit-feier\/#primaryimage"},"thumbnailUrl":"https:\/\/www.backaloge.se\/wp-content\/uploads\/2022\/06\/Backa-Loge-Brollop-Portfolio-001.jpg","datePublished":"2022-06-07T14:27:31+00:00","dateModified":"2023-02-01T13:24:43+00:00","breadcrumb":{"@id":"https:\/\/www.backaloge.se\/de\/hochzeit-feier\/#breadcrumb"},"inLanguage":"de","potentialAction":[{"@type":"ReadAction","target":["https:\/\/www.backaloge.se\/de\/hochzeit-feier\/"]}]},{"@type":"ImageObject","inLanguage":"de","@id":"https:\/\/www.backaloge.se\/de\/hochzeit-feier\/#primaryimage","url":"https:\/\/www.backaloge.se\/wp-content\/uploads\/2022\/06\/Backa-Loge-Brollop-Portfolio-001.jpg","contentUrl":"https:\/\/www.backaloge.se\/wp-content\/uploads\/2022\/06\/Backa-Loge-Brollop-Portfolio-001.jpg","width":1618,"height":1080,"caption":"Br\u00f6llop p\u00e5 Backa Loge \u00a9David Bergs"},{"@type":"BreadcrumbList","@id":"https:\/\/www.backaloge.se\/de\/hochzeit-feier\/#breadcrumb","itemListElement":[{"@type":"ListItem","position":1,"name":"Hem","item":"https:\/\/www.backaloge.se\/de\/"},{"@type":"ListItem","position":2,"name":"Hochzeit \/ Feier"}]},{"@type":"WebSite","@id":"https:\/\/www.backaloge.se\/#website","url":"https:\/\/www.backaloge.se\/","name":"Backa Loge","description":"\u00c4nnu en WordPress-webbplats","potentialAction":[{"@type":"SearchAction","target":{"@type":"EntryPoint","urlTemplate":"https:\/\/www.backaloge.se\/?s={search_term_string}"},"query-input":{"@type":"PropertyValueSpecification","valueRequired":true,"valueName":"search_term_string"}}],"inLanguage":"de"}]}},"acf":[],"_links":{"self":[{"href":"https:\/\/www.backaloge.se\/de\/wp-json\/wp\/v2\/pages\/6552"}],"collection":[{"href":"https:\/\/www.backaloge.se\/de\/wp-json\/wp\/v2\/pages"}],"about":[{"href":"https:\/\/www.backaloge.se\/de\/wp-json\/wp\/v2\/types\/page"}],"author":[{"embeddable":true,"href":"https:\/\/www.backaloge.se\/de\/wp-json\/wp\/v2\/users\/1"}],"replies":[{"embeddable":true,"href":"https:\/\/www.backaloge.se\/de\/wp-json\/wp\/v2\/comments?post=6552"}],"version-history":[{"count":11,"href":"https:\/\/www.backaloge.se\/de\/wp-json\/wp\/v2\/pages\/6552\/revisions"}],"predecessor-version":[{"id":7232,"href":"https:\/\/www.backaloge.se\/de\/wp-json\/wp\/v2\/pages\/6552\/revisions\/7232"}],"wp:featuredmedia":[{"embeddable":true,"href":"https:\/\/www.backaloge.se\/de\/wp-json\/wp\/v2\/media\/5137"}],"wp:attachment":[{"href":"https:\/\/www.backaloge.se\/de\/wp-json\/wp\/v2\/media?parent=6552"}],"curies":[{"name":"wp","href":"https:\/\/api.w.org\/{rel}","templated":true}]}}