{"id":6419,"date":"2022-03-09T12:56:21","date_gmt":"2022-03-09T11:56:21","guid":{"rendered":"https:\/\/www.backaloge.se\/home-2\/"},"modified":"2022-10-31T14:03:53","modified_gmt":"2022-10-31T13:03:53","slug":"home-2","status":"publish","type":"page","link":"https:\/\/www.backaloge.se\/de\/","title":{"rendered":"Heim"},"content":{"rendered":"<section class=\"l-section wpb_row section__wide height_small\"><div class=\"l-section-h i-cf\"><div class=\"g-cols vc_row via_grid cols_2 laptops-cols_inherit tablets-cols_1 mobiles-cols_1 valign_top type_default stacking_default\"><div class=\"wpb_column vc_column_container\"><div class=\"vc_column-inner\"><\/div><\/div><\/div><\/div><\/section><section class=\"l-section wpb_row section__wide height_auto width_full\"><div class=\"l-section-h i-cf\"><div class=\"g-cols vc_row via_grid cols_2 laptops-cols_inherit tablets-cols_1 mobiles-cols_1 valign_middle type_default stacking_default\" style=\"grid-gap:2rem;\"><div class=\"wpb_column vc_column_container us_custom_73737e08 section__wide__image has_bg_color\"><div class=\"vc_column-inner\"><\/div><\/div><div class=\"wpb_column vc_column_container\"><div class=\"vc_column-inner\"><div class=\"w-separator size_small\"><\/div><div class=\"w-hwrapper frontpage__subtitle align_none valign_middle\"><div class=\"w-text us_custom_399e51ce has_text_color\"><span class=\"w-text-h\"><span class=\"w-text-value\">Das sch\u00f6ne Naturschutzgebiet<\/span><\/span><\/div><\/div><div class=\"w-separator size_custom\" style=\"height:1rem\"><\/div><div class=\"wpb_text_column\"><div class=\"wpb_wrapper\"><h1>Das Urlaubsparadies am Fegen-See<\/h1>\n<\/div><\/div><div class=\"w-separator size_custom\" style=\"height:1rem\"><\/div><div class=\"wpb_text_column us_custom_b39012c6\"><div class=\"wpb_wrapper\"><p>Bei uns kannst du die Ruhe genie\u00dfen, mit einer guten Mahlzeit oder einem Kaffee \/ Tee, eine Feier oder eine Hochzeit ausrichten lassen, wandern, paddeln, angeln und baden.<\/p>\n<\/div><\/div><div class=\"w-separator size_custom\" style=\"height:1rem\"><\/div><div class=\"w-btn-wrapper align_none\"><a class=\"w-btn us-btn-style_1 btn-secondary-reverse-color\" href=\"\/urlaubshaus-selma \/\"><span class=\"w-btn-label\">\u00dcbernachtung buchen<\/span><\/a><\/div><div class=\"w-btn-wrapper align_none\"><a class=\"w-btn us-btn-style_4\" title=\"Brunch\" href=\"https:\/\/www.backaloge.se\/ata\/brunch\/\"><span class=\"w-btn-label\">Brunch buchen<\/span><\/a><\/div><\/div><\/div><div class=\"wpb_column vc_column_container\"><div class=\"vc_column-inner\"><\/div><\/div><\/div><\/div><\/section><section class=\"l-section wpb_row us_custom_132e6efc height_large\" id=\"startpage__section-services\"><div class=\"l-section-h i-cf\"><div class=\"g-cols vc_row via_grid cols_1 laptops-cols_inherit tablets-cols_inherit mobiles-cols_1 valign_top type_default stacking_default\"><div class=\"wpb_column vc_column_container\"><div class=\"vc_column-inner\"><div class=\"w-separator size_small\"><\/div><h2 class=\"w-text us_custom_48ab2bbd\"><span class=\"w-text-h\"><span class=\"w-text-value\">Etwas f\u00fcr alle<\/span><\/span><\/h2><div class=\"w-separator size_custom\" style=\"height:1rem\"><\/div><div class=\"w-grid us_custom_703b2333 border-radius-s type_masonry layout_2982 cols_3 with_isotope ratio_1x1\" id=\"us_grid_1\"><style>#us_grid_1 .w-grid-item{padding:1.5rem}#us_grid_1 .w-grid-list{margin:-1.5rem}.w-grid + #us_grid_1 .w-grid-list,.w-grid-none + #us_grid_1 .w-grid-list{margin-top:1.5rem}@media (max-width:899px){#us_grid_1 .w-grid-item{width:50%}#us_grid_1 .w-grid-item.size_2x1,#us_grid_1 .w-grid-item.size_2x2{width:100%}}@media (max-width:599px){#us_grid_1 .w-grid-list{margin:0}#us_grid_1 .w-grid-item{width:100%;padding:0;margin-bottom:1.5rem}}.layout_2982 .w-grid-item-h:before{padding-bottom:100%}@media (min-width:600px){.layout_2982 .w-grid-item.size_1x2 .w-grid-item-h:before{padding-bottom:calc(200% + 1.5rem + 1.5rem)}.layout_2982 .w-grid-item.size_2x1 .w-grid-item-h:before{padding-bottom:calc(50% - 1.5rem * 1)}.layout_2982 .w-grid-item.size_2x2 .w-grid-item-h:before{padding-bottom:calc(100% - 1.5rem * 0)}}.layout_2982 .w-grid-item-h{box-shadow:0 0.1rem 0.2rem rgba(0,0,0,0.1),0 0.33rem 1rem rgba(0,0,0,0.1);transition-duration:0.3s}.no-touch .layout_2982 .w-grid-item-h:hover{box-shadow:0 0rem 0rem rgba(0,0,0,0.1),0 0rem 0rem rgba(0,0,0,0.15);z-index:4}.layout_2982 .usg_post_title_1{transition-duration:0.3s;transform-origin:50% 50%;transform:scale(1) translate(0%,0%)}.layout_2982 .w-grid-item-h:hover .usg_post_title_1{transform:scale(1) translate(0%,0%);opacity:1}.layout_2982 .usg_post_title_1{color:#ffffff!important}<\/style><div class=\"w-grid-list\">\t<article class=\"w-grid-item size_1x1 post-6552 page type-page status-publish has-post-thumbnail hentry\" data-id=\"6552\">\r\n\t\t<div class=\"w-grid-item-h\" style=\"background:url(https:\/\/www.backaloge.se\/wp-content\/uploads\/2022\/06\/Backa-Loge-Brollop-Portfolio-001-1199x800.jpg) center center\/cover no-repeat;\">\r\n\t\t\t\t\t\t\t<a class=\"w-grid-item-anchor\" href=\"https:\/\/www.backaloge.se\/de\/hochzeit-feier\/\" rel=\"bookmark\" aria-label=\"Hochzeit \/ Feier\"><\/a>\r\n\t\t\t\t\t\t<span class=\"w-post-elm post_title usg_post_title_1 pages__image__title align_center entry-title\"><a href=\"https:\/\/www.backaloge.se\/de\/hochzeit-feier\/\">Hochzeit \/ Feier<\/a><\/span><a class=\"w-btn us-btn-style_4 usg_btn_1 pages__image__btn btn-secondary-reverse-color\" href=\"https:\/\/www.backaloge.se\/de\/hochzeit-feier\/\"><span class=\"w-btn-label\">LIES MEHR HIER<\/span><\/a>\t\t<\/div>\r\n\t<\/article>\r\n\t<article class=\"w-grid-item size_1x1 post-7017 page type-page status-publish has-post-thumbnail hentry\" data-id=\"7017\">\r\n\t\t<div class=\"w-grid-item-h\" style=\"background:url(https:\/\/www.backaloge.se\/wp-content\/uploads\/2022\/09\/DSC_0031-1200x800.jpg) center center\/cover no-repeat;\">\r\n\t\t\t\t\t\t\t<a class=\"w-grid-item-anchor\" href=\"https:\/\/www.backaloge.se\/de\/erleben-aktivitaeten\/\" rel=\"bookmark\" aria-label=\"Erleben \u2013 Aktivit\u00e4ten\"><\/a>\r\n\t\t\t\t\t\t<span class=\"w-post-elm post_title usg_post_title_1 pages__image__title align_center entry-title\"><a href=\"https:\/\/www.backaloge.se\/de\/erleben-aktivitaeten\/\">Erleben \u2013 Aktivit\u00e4ten<\/a><\/span><a class=\"w-btn us-btn-style_4 usg_btn_1 pages__image__btn btn-secondary-reverse-color\" href=\"https:\/\/www.backaloge.se\/de\/erleben-aktivitaeten\/\"><span class=\"w-btn-label\">LIES MEHR HIER<\/span><\/a>\t\t<\/div>\r\n\t<\/article>\r\n\t<article class=\"w-grid-item size_1x1 post-7257 page type-page status-publish has-post-thumbnail hentry\" data-id=\"7257\">\r\n\t\t<div class=\"w-grid-item-h\" style=\"background:url(https:\/\/www.backaloge.se\/wp-content\/uploads\/2022\/06\/IMG_6382-1200x800.jpg) center center\/cover no-repeat;\">\r\n\t\t\t\t\t\t\t<a class=\"w-grid-item-anchor\" href=\"https:\/\/www.backaloge.se\/de\/7257-2\/\" rel=\"bookmark\" aria-label><\/a>\r\n\t\t\t\t\t\t<span class=\"w-post-elm post_title usg_post_title_1 pages__image__title align_center entry-title\"><a href=\"https:\/\/www.backaloge.se\/de\/7257-2\/\"><\/a><\/span><a class=\"w-btn us-btn-style_4 usg_btn_1 pages__image__btn btn-secondary-reverse-color\" href=\"https:\/\/www.backaloge.se\/de\/7257-2\/\"><span class=\"w-btn-label\">LIES MEHR HIER<\/span><\/a>\t\t<\/div>\r\n\t<\/article>\r\n\t<article class=\"w-grid-item size_1x1 post-6544 page type-page status-publish has-post-thumbnail hentry\" data-id=\"6544\">\r\n\t\t<div class=\"w-grid-item-h\" style=\"background:url(https:\/\/www.backaloge.se\/wp-content\/uploads\/2024\/03\/Ovre-Backa-_54-1200x800.jpg) center center\/cover no-repeat;\">\r\n\t\t\t\t\t\t\t<a class=\"w-grid-item-anchor\" href=\"https:\/\/www.backaloge.se\/de\/konferenz\/\" rel=\"bookmark\" aria-label=\"Konferenz\"><\/a>\r\n\t\t\t\t\t\t<span class=\"w-post-elm post_title usg_post_title_1 pages__image__title align_center entry-title\"><a href=\"https:\/\/www.backaloge.se\/de\/konferenz\/\">Konferenz<\/a><\/span><a class=\"w-btn us-btn-style_4 usg_btn_1 pages__image__btn btn-secondary-reverse-color\" href=\"https:\/\/www.backaloge.se\/de\/konferenz\/\"><span class=\"w-btn-label\">LIES MEHR HIER<\/span><\/a>\t\t<\/div>\r\n\t<\/article>\r\n<\/div><div class=\"w-grid-preloader\"><div class=\"g-preloader type_1\">\r\n\t<div><\/div>\r\n<\/div>\r\n<\/div>\t<div class=\"w-grid-json hidden\" onclick='return {&quot;action&quot;:&quot;us_ajax_grid&quot;,&quot;ajax_url&quot;:&quot;https:\\\/\\\/www.backaloge.se\\\/wp-admin\\\/admin-ajax.php&quot;,&quot;infinite_scroll&quot;:0,&quot;max_num_pages&quot;:1,&quot;pagination&quot;:&quot;none&quot;,&quot;permalink_url&quot;:&quot;https:\\\/\\\/www.backaloge.se\\\/de\\\/wp-json\\\/wp\\\/v2\\\/pages\\\/6419\\\/&quot;,&quot;template_vars&quot;:{&quot;columns&quot;:&quot;3&quot;,&quot;exclude_items&quot;:&quot;none&quot;,&quot;img_size&quot;:&quot;default&quot;,&quot;ignore_items_size&quot;:false,&quot;items_layout&quot;:&quot;2982&quot;,&quot;items_offset&quot;:&quot;1&quot;,&quot;load_animation&quot;:&quot;none&quot;,&quot;overriding_link&quot;:&quot;post&quot;,&quot;post_id&quot;:6419,&quot;query_args&quot;:{&quot;ignore_sticky_posts&quot;:1,&quot;post_type&quot;:&quot;any&quot;,&quot;post__in&quot;:[&quot;2780&quot;,&quot;2785&quot;,&quot;2789&quot;,&quot;3010&quot;,&quot;3251&quot;,&quot;2795&quot;],&quot;posts_per_page&quot;:&quot;10&quot;},&quot;orderby_query_args&quot;:{&quot;orderby&quot;:{&quot;post__in&quot;:&quot;ASC&quot;},&quot;order&quot;:&quot;ASC&quot;},&quot;type&quot;:&quot;masonry&quot;,&quot;us_grid_ajax_index&quot;:1,&quot;us_grid_filter_params&quot;:null,&quot;us_grid_index&quot;:1,&quot;_us_grid_post_type&quot;:&quot;ids&quot;,&quot;lang&quot;:&quot;de&quot;}}'><\/div>\r\n\t<\/div><\/div><\/div><\/div><\/div><\/section><section class=\"l-section wpb_row height_auto\"><div class=\"l-section-h i-cf\"><div class=\"g-cols vc_row via_grid cols_1 laptops-cols_inherit tablets-cols_inherit mobiles-cols_1 valign_top type_default stacking_default\"><div class=\"wpb_column vc_column_container\"><div class=\"vc_column-inner\"><h2 class=\"w-text us_custom_f91025f2\"><span class=\"w-text-h\"><span class=\"w-text-value\">Geschichte seit dem 17. Jahrhundert<\/span><\/span><\/h2><\/div><\/div><\/div><\/div><\/section><section class=\"l-section wpb_row height_small\"><div class=\"l-section-h i-cf\"><div class=\"g-cols vc_row via_grid cols_2 laptops-cols_inherit tablets-cols_inherit mobiles-cols_1 valign_top type_default stacking_default\"><div class=\"wpb_column vc_column_container\"><div class=\"vc_column-inner\"><div class=\"wpb_text_column us_custom_d13c76db has_text_color\"><div class=\"wpb_wrapper\"><p>Backa Loge liegt mitten im Naturschutzgebiet Fegen, am Rande des Fegen-See. Die Geschichte des Hofs geht zur\u00fcck bis ins 17. Jahrhundert. Das Hauptgeb\u00e4ude ist behutsam renoviert und als Jugendherberge mit dreizehn Betten eingerichtet worden. Die Scheune wurde zum bezaubernden Caf\u00e9 und mit R\u00e4umlichkeiten f\u00fcr Feiern umgestaltet.<\/p>\n<\/div><\/div><div class=\"w-separator size_custom\" style=\"height:1rem\"><\/div><div class=\"wpb_text_column us_custom_6db740e1\"><div class=\"wpb_wrapper\"><p>Du hast die M\u00f6glichkeit, Kanus oder Boote zu mieten, um den Fegen-See zu entdecken, in unserer sch\u00f6nen Umgebung auf vorgeschlagenen Routen zu radeln, auf unseren Wanderrouten zu wandern oder von unserem Steg aus Baden zu gehen \u2013 auch im Winter.<\/p>\n<p>Nur sechs Kilometer entfernt von uns gibt es einen Pilgerweg. Der Fahrradweg <u>\u00c4tradalsleden hat eine \u00a0<\/u>Gesamtl\u00e4nge von 197 Kilometern, wovon 146 Kilometer \u00fcber einen ehemaligen Eisenbahndamm komplett autofrei sind, und er f\u00fchrt direkt an unserem Gel\u00e4nde vorbei. Mit Backa Loge als Ausgangspunkt kannst du die sch\u00f6ne Wildnis von Fegen erleben. Buche unsere R\u00e4umlichkeiten f\u00fcr Feste oder f\u00fcr ein entspannendes Bad und leckerem Essen in der sch\u00f6nen und ruhigen Umgebung oder probiere aus, um Gl\u00fcck und Ruhe durch Mindfullness zu finden und im Jetzt zu leben.<\/p>\n<\/div><\/div><div class=\"w-separator size_small\"><\/div><div class=\"w-btn-wrapper width_full\"><a class=\"w-btn us-btn-style_1\" title=\"Erleben \u2013 Aktivit\u00e4ten\" href=\"https:\/\/www.backaloge.se\/de\/erleben-aktivitaeten\/\"><span class=\"w-btn-label\">Finde eine Aktivit\u00e4t<\/span><\/a><\/div><\/div><\/div><div class=\"wpb_column vc_column_container\"><div class=\"vc_column-inner\"><div class=\"w-image border-radius-s has_ratio align_none\"><div class=\"w-image-h\"><div style=\"padding-bottom:75%\"><\/div><img loading=\"lazy\" decoding=\"async\" width=\"1200\" height=\"800\" src=\"https:\/\/www.backaloge.se\/wp-content\/uploads\/2022\/10\/DSC_0006-1200x800.jpg\" class=\"attachment-large size-large\" alt=\"Ett paradis f\u00f6r avkoppling, privat strand.\" srcset=\"https:\/\/www.backaloge.se\/wp-content\/uploads\/2022\/10\/DSC_0006-1200x800.jpg 1200w, https:\/\/www.backaloge.se\/wp-content\/uploads\/2022\/10\/DSC_0006-600x400.jpg 600w\" sizes=\"(max-width: 1200px) 100vw, 1200px\" \/><\/div><\/div><\/div><\/div><\/div><\/div><\/section><section class=\"l-section wpb_row height_small\"><div class=\"l-section-h i-cf\"><div class=\"g-cols vc_row via_grid cols_1 laptops-cols_inherit tablets-cols_inherit mobiles-cols_1 valign_top type_default stacking_default\"><div class=\"wpb_column vc_column_container\"><div class=\"vc_column-inner\"><div class=\"wpb_text_column\"><div class=\"wpb_wrapper\"><p>&#8211;<\/p>\n<\/div><\/div><\/div><\/div><\/div><\/div><\/section>\n","protected":false},"excerpt":{"rendered":"Miete Backa Loge komplett \u2013Konferenz drau\u00dfen in der Natur Mit dem Konzept Miete Backa Loge komplett k\u00f6nnen wir bis siebzehn G\u00e4ste zum \u00dcbernachten empfangen (inklusive vier Extrabetten). Ihr habt die Chance, Backa Loge komplett f\u00fcr euch zu bekommen: Die Stille, die Natur, Sonnenunterg\u00e4nge, Sonnenaufg\u00e4nge, historische Umgebung, frisch gemachte Betten, rustikale R\u00e4umlichkeiten, Seeblick, Angeln, Winterbad. Wir...","protected":false},"author":1,"featured_media":0,"parent":0,"menu_order":0,"comment_status":"closed","ping_status":"closed","template":"","meta":{"footnotes":""},"class_list":["post-6419","page","type-page","status-publish","hentry"],"yoast_head":"<!-- This site is optimized with the Yoast SEO plugin v23.5 - https:\/\/yoast.com\/wordpress\/plugins\/seo\/ -->\n<title>Heim - Backa Loge<\/title>\n<meta name=\"robots\" content=\"index, follow, max-snippet:-1, max-image-preview:large, max-video-preview:-1\" \/>\n<link rel=\"canonical\" href=\"https:\/\/www.backaloge.se\/de\/\" \/>\n<meta property=\"og:locale\" content=\"de_DE\" \/>\n<meta property=\"og:type\" content=\"article\" \/>\n<meta property=\"og:title\" content=\"Heim - Backa Loge\" \/>\n<meta property=\"og:url\" content=\"https:\/\/www.backaloge.se\/de\/\" \/>\n<meta property=\"og:site_name\" content=\"Backa Loge\" \/>\n<meta property=\"article:modified_time\" content=\"2022-10-31T13:03:53+00:00\" \/>\n<meta name=\"twitter:card\" content=\"summary_large_image\" \/>\n<meta name=\"twitter:label1\" content=\"Gesch\u00e4tzte Lesezeit\" \/>\n\t<meta name=\"twitter:data1\" content=\"2\u00a0Minuten\" \/>\n<script type=\"application\/ld+json\" class=\"yoast-schema-graph\">{\"@context\":\"https:\/\/schema.org\",\"@graph\":[{\"@type\":\"WebPage\",\"@id\":\"https:\/\/www.backaloge.se\/de\/\",\"url\":\"https:\/\/www.backaloge.se\/de\/\",\"name\":\"Heim - Backa Loge\",\"isPartOf\":{\"@id\":\"https:\/\/www.backaloge.se\/#website\"},\"datePublished\":\"2022-03-09T11:56:21+00:00\",\"dateModified\":\"2022-10-31T13:03:53+00:00\",\"breadcrumb\":{\"@id\":\"https:\/\/www.backaloge.se\/de\/#breadcrumb\"},\"inLanguage\":\"de\",\"potentialAction\":[{\"@type\":\"ReadAction\",\"target\":[\"https:\/\/www.backaloge.se\/de\/\"]}]},{\"@type\":\"BreadcrumbList\",\"@id\":\"https:\/\/www.backaloge.se\/de\/#breadcrumb\",\"itemListElement\":[{\"@type\":\"ListItem\",\"position\":1,\"name\":\"Hem\",\"item\":\"https:\/\/www.backaloge.se\/de\/\"},{\"@type\":\"ListItem\",\"position\":2,\"name\":\"Heim\"}]},{\"@type\":\"WebSite\",\"@id\":\"https:\/\/www.backaloge.se\/#website\",\"url\":\"https:\/\/www.backaloge.se\/\",\"name\":\"Backa Loge\",\"description\":\"\u00c4nnu en WordPress-webbplats\",\"potentialAction\":[{\"@type\":\"SearchAction\",\"target\":{\"@type\":\"EntryPoint\",\"urlTemplate\":\"https:\/\/www.backaloge.se\/?s={search_term_string}\"},\"query-input\":{\"@type\":\"PropertyValueSpecification\",\"valueRequired\":true,\"valueName\":\"search_term_string\"}}],\"inLanguage\":\"de\"}]}<\/script>\n<!-- \/ Yoast SEO plugin. -->","yoast_head_json":{"title":"Heim - Backa Loge","robots":{"index":"index","follow":"follow","max-snippet":"max-snippet:-1","max-image-preview":"max-image-preview:large","max-video-preview":"max-video-preview:-1"},"canonical":"https:\/\/www.backaloge.se\/de\/","og_locale":"de_DE","og_type":"article","og_title":"Heim - Backa Loge","og_url":"https:\/\/www.backaloge.se\/de\/","og_site_name":"Backa Loge","article_modified_time":"2022-10-31T13:03:53+00:00","twitter_card":"summary_large_image","twitter_misc":{"Gesch\u00e4tzte Lesezeit":"2\u00a0Minuten"},"schema":{"@context":"https:\/\/schema.org","@graph":[{"@type":"WebPage","@id":"https:\/\/www.backaloge.se\/de\/","url":"https:\/\/www.backaloge.se\/de\/","name":"Heim - Backa Loge","isPartOf":{"@id":"https:\/\/www.backaloge.se\/#website"},"datePublished":"2022-03-09T11:56:21+00:00","dateModified":"2022-10-31T13:03:53+00:00","breadcrumb":{"@id":"https:\/\/www.backaloge.se\/de\/#breadcrumb"},"inLanguage":"de","potentialAction":[{"@type":"ReadAction","target":["https:\/\/www.backaloge.se\/de\/"]}]},{"@type":"BreadcrumbList","@id":"https:\/\/www.backaloge.se\/de\/#breadcrumb","itemListElement":[{"@type":"ListItem","position":1,"name":"Hem","item":"https:\/\/www.backaloge.se\/de\/"},{"@type":"ListItem","position":2,"name":"Heim"}]},{"@type":"WebSite","@id":"https:\/\/www.backaloge.se\/#website","url":"https:\/\/www.backaloge.se\/","name":"Backa Loge","description":"\u00c4nnu en WordPress-webbplats","potentialAction":[{"@type":"SearchAction","target":{"@type":"EntryPoint","urlTemplate":"https:\/\/www.backaloge.se\/?s={search_term_string}"},"query-input":{"@type":"PropertyValueSpecification","valueRequired":true,"valueName":"search_term_string"}}],"inLanguage":"de"}]}},"acf":[],"_links":{"self":[{"href":"https:\/\/www.backaloge.se\/de\/wp-json\/wp\/v2\/pages\/6419"}],"collection":[{"href":"https:\/\/www.backaloge.se\/de\/wp-json\/wp\/v2\/pages"}],"about":[{"href":"https:\/\/www.backaloge.se\/de\/wp-json\/wp\/v2\/types\/page"}],"author":[{"embeddable":true,"href":"https:\/\/www.backaloge.se\/de\/wp-json\/wp\/v2\/users\/1"}],"replies":[{"embeddable":true,"href":"https:\/\/www.backaloge.se\/de\/wp-json\/wp\/v2\/comments?post=6419"}],"version-history":[{"count":15,"href":"https:\/\/www.backaloge.se\/de\/wp-json\/wp\/v2\/pages\/6419\/revisions"}],"predecessor-version":[{"id":7036,"href":"https:\/\/www.backaloge.se\/de\/wp-json\/wp\/v2\/pages\/6419\/revisions\/7036"}],"wp:attachment":[{"href":"https:\/\/www.backaloge.se\/de\/wp-json\/wp\/v2\/media?parent=6419"}],"curies":[{"name":"wp","href":"https:\/\/api.w.org\/{rel}","templated":true}]}}